{"id":3,"date":"2024-05-16T22:11:40","date_gmt":"2024-05-16T22:11:40","guid":{"rendered":"http:\/\/veos.local\/?page_id=3"},"modified":"2025-12-27T00:00:21","modified_gmt":"2025-12-27T00:00:21","slug":"politica-privacidad-datos-veos","status":"publish","type":"page","link":"http:\/\/veosvending.com\/en\/politica-privacidad-datos-veos\/","title":{"rendered":"Politica de privacidad"},"content":{"rendered":"<div data-elementor-type=\"wp-page\" data-elementor-id=\"3\" class=\"elementor elementor-3\" data-elementor-settings=\"{&quot;ha_cmc_init_switcher&quot;:&quot;no&quot;}\">\n\t\t\t\t<div class=\"elementor-element elementor-element-4178110 e-flex e-con-boxed e-con e-parent\" data-id=\"4178110\" data-element_type=\"container\" data-e-type=\"container\">\n\t\t\t\t\t<div class=\"e-con-inner\">\n\t\t\t\t<div class=\"elementor-element elementor-element-ebcf26c elementor-widget elementor-widget-heading\" data-id=\"ebcf26c\" data-element_type=\"widget\" data-e-type=\"widget\" data-widget_type=\"heading.default\">\n\t\t\t\t<div class=\"elementor-widget-container\">\n\t\t\t\t\t<h2 class=\"elementor-heading-title elementor-size-default\">Pol\u00edtica de Privacidad<\/h2>\t\t\t\t<\/div>\n\t\t\t\t<\/div>\n\t\t\t\t\t<\/div>\n\t\t\t\t<\/div>\n\t\t<div class=\"elementor-element elementor-element-0bb0e31 e-flex e-con-boxed e-con e-parent\" data-id=\"0bb0e31\" data-element_type=\"container\" data-e-type=\"container\">\n\t\t\t\t\t<div class=\"e-con-inner\">\n\t\t\t\t<div class=\"elementor-element elementor-element-aba6a5c elementor-align-center elementor-widget elementor-widget-embedpres_document\" data-id=\"aba6a5c\" data-element_type=\"widget\" data-e-type=\"widget\" data-widget_type=\"embedpres_document.default\">\n\t\t\t\t<div class=\"elementor-widget-container\">\n\t\t\t\t\t\n        <div class=\"embedpress-document-embed ep-doc-08c4c9807f1f5941c3f826d5bccd2681 ose-document\" style=\"width: 1000px; height: 800px; max-width:100%; display: inline-block\">\n\n                        <div >\n\n                <div id=\"ep-elementor-content-aba6a5c\" class=\"ep-elementor-content    ep-content-protection-disabled\">\n                    <div id=\"aba6a5c\" class=\"ep-embed-content-wraper\">\n                        <div class=\"embedpress-embed-document-pdf embedpress-pdf-aba6a5c\" data-emid=\"embedpress-pdf-aba6a5c\" data-embedpress-content=\"1a1b928d95c1e78b646e5d411d9d623a\" data-embed-type=\"Document\" data-emsrc=\"http:\/\/veosvending.com\/wp-content\/uploads\/2024\/10\/Politica-de-Privacidad-y-Tratamiento-de-Datos-Personales-VeOS.pdf\"><iframe title=\"Poli\u0301tica de Privacidad y Tratamiento de Datos Personales VeOS\" class=\"embedpress-embed-document-pdf embedpress-pdf-aba6a5c lazyload\" style=\"width: 1000px; height: 800px; max-width:100%; display: inline-block\" data-src=\"http:\/\/veosvending.com\/wp-admin\/admin-ajax.php?action=get_viewer&#038;file=http%3A%2F%2Fveosvending.com%2Fwp-content%2Fuploads%2F2024%2F10%2FPolitica-de-Privacidad-y-Tratamiento-de-Datos-Personales-VeOS.pdf#key=dGhlbWVNb2RlPWRlZmF1bHQmdG9vbGJhcj10cnVlJnBvc2l0aW9uPXRvcCZwcmVzZW50YXRpb249ZmFsc2UmbGF6eUxvYWQ9ZmFsc2UmZG93bmxvYWQ9dHJ1ZSZjb3B5X3RleHQ9dHJ1ZSZhZGRfdGV4dD1mYWxzZSZkcmF3PXRydWUmYWRkX2ltYWdlPWZhbHNlJnBkZl9yb3RhdGlvbj1mYWxzZSZwZGZfZGV0YWlscz1mYWxzZSZ6b29tX2luPXRydWUmem9vbV9vdXQ9dHJ1ZSZmaXRfdmlldz10cnVlJmJvb2ttYXJrPWZhbHNlJnNvdW5kPWZhbHNlJmZsaXBib29rX3Rvb2xiYXJfcG9zaXRpb249Ym90dG9tJnNlbGVjdGlvbl90b29sPTAmc2Nyb2xsaW5nPS0xJnNwcmVhZHM9LTEmaXNfcHJvX2FjdGl2ZT0wJndhdGVybWFya190ZXh0PSZ3YXRlcm1hcmtfZm9udF9zaXplPTQ4JndhdGVybWFya19jb2xvcj0lMjMwMDAwMDAmd2F0ZXJtYXJrX29wYWNpdHk9MTUmd2F0ZXJtYXJrX3N0eWxlPWNlbnRlcg==\" frameborder=\"0\" src=\"data:image\/svg+xml;base64,PHN2ZyB3aWR0aD0iMSIgaGVpZ2h0PSIxIiB4bWxucz0iaHR0cDovL3d3dy53My5vcmcvMjAwMC9zdmciPjwvc3ZnPg==\" data-load-mode=\"1\"><\/iframe><p class=\"embedpress-el-powered\">Powered By EmbedPress<\/p><\/div>                    <\/div>\n                <\/div>\n                            <\/div>\n        <\/div>\n\n    \t\t\t\t<\/div>\n\t\t\t\t<\/div>\n\t\t\t\t\t<\/div>\n\t\t\t\t<\/div>\n\t\t\t\t<\/div>","protected":false},"excerpt":{"rendered":"<p>Pol\u00edtica de Privacidad Powered By EmbedPress<\/p>","protected":false},"author":1,"featured_media":43,"parent":0,"menu_order":0,"comment_status":"closed","ping_status":"closed","template":"","meta":{"footnotes":""},"class_list":["post-3","page","type-page","status-publish","has-post-thumbnail","hentry"],"yoast_head":"<!-- This site is optimized with the Yoast SEO plugin v27.4 - https:\/\/yoast.com\/product\/yoast-seo-wordpress\/ -->\n<title>Pol\u00edtica de Privacidad de datos veOS: Protecci\u00f3n y Transparencia<\/title>\n<meta name=\"description\" content=\"Conoce c\u00f3mo veOS protege tu informaci\u00f3n personal con nuestra pol\u00edtica de privacidad de datos, garantizando seguridad y transparencia.\" \/>\n<meta name=\"robots\" content=\"index, follow, max-snippet:-1, max-image-preview:large, max-video-preview:-1\" \/>\n<link rel=\"canonical\" href=\"https:\/\/veosvending.com\/en\/politica-privacidad-datos-veos\/\" \/>\n<meta property=\"og:locale\" content=\"en_US\" \/>\n<meta property=\"og:type\" content=\"article\" \/>\n<meta property=\"og:title\" content=\"Pol\u00edtica de Privacidad de datos veOS: Protecci\u00f3n y Transparencia\" \/>\n<meta property=\"og:description\" content=\"Conoce c\u00f3mo veOS protege tu informaci\u00f3n personal con nuestra pol\u00edtica de privacidad de datos, garantizando seguridad y transparencia.\" \/>\n<meta property=\"og:url\" content=\"https:\/\/veosvending.com\/en\/politica-privacidad-datos-veos\/\" \/>\n<meta property=\"og:site_name\" content=\"veOS\" \/>\n<meta property=\"article:modified_time\" content=\"2025-12-27T00:00:21+00:00\" \/>\n<meta property=\"og:image\" content=\"https:\/\/veosvending.com\/wp-content\/uploads\/2024\/05\/Veos-final.png\" \/>\n\t<meta property=\"og:image:width\" content=\"600\" \/>\n\t<meta property=\"og:image:height\" content=\"600\" \/>\n\t<meta property=\"og:image:type\" content=\"image\/png\" \/>\n<meta name=\"twitter:card\" content=\"summary_large_image\" \/>\n<meta name=\"twitter:label1\" content=\"Est. reading time\" \/>\n\t<meta name=\"twitter:data1\" content=\"1 minute\" \/>\n<script type=\"application\/ld+json\" class=\"yoast-schema-graph\">{\"@context\":\"https:\\\/\\\/schema.org\",\"@graph\":[{\"@type\":\"WebPage\",\"@id\":\"https:\\\/\\\/veosvending.com\\\/politica-privacidad-datos-veos\\\/\",\"url\":\"https:\\\/\\\/veosvending.com\\\/politica-privacidad-datos-veos\\\/\",\"name\":\"Pol\u00edtica de Privacidad de datos veOS: Protecci\u00f3n y Transparencia\",\"isPartOf\":{\"@id\":\"https:\\\/\\\/veosvending.com\\\/#website\"},\"primaryImageOfPage\":{\"@id\":\"https:\\\/\\\/veosvending.com\\\/politica-privacidad-datos-veos\\\/#primaryimage\"},\"image\":{\"@id\":\"https:\\\/\\\/veosvending.com\\\/politica-privacidad-datos-veos\\\/#primaryimage\"},\"thumbnailUrl\":\"http:\\\/\\\/veosvending.com\\\/wp-content\\\/uploads\\\/2024\\\/05\\\/Veos-final.png\",\"datePublished\":\"2024-05-16T22:11:40+00:00\",\"dateModified\":\"2025-12-27T00:00:21+00:00\",\"description\":\"Conoce c\u00f3mo veOS protege tu informaci\u00f3n personal con nuestra pol\u00edtica de privacidad de datos, garantizando seguridad y transparencia.\",\"breadcrumb\":{\"@id\":\"https:\\\/\\\/veosvending.com\\\/politica-privacidad-datos-veos\\\/#breadcrumb\"},\"inLanguage\":\"en-US\",\"potentialAction\":[{\"@type\":\"ReadAction\",\"target\":[\"https:\\\/\\\/veosvending.com\\\/politica-privacidad-datos-veos\\\/\"]}]},{\"@type\":\"ImageObject\",\"inLanguage\":\"en-US\",\"@id\":\"https:\\\/\\\/veosvending.com\\\/politica-privacidad-datos-veos\\\/#primaryimage\",\"url\":\"http:\\\/\\\/veosvending.com\\\/wp-content\\\/uploads\\\/2024\\\/05\\\/Veos-final.png\",\"contentUrl\":\"http:\\\/\\\/veosvending.com\\\/wp-content\\\/uploads\\\/2024\\\/05\\\/Veos-final.png\",\"width\":600,\"height\":600,\"caption\":\"Logo veOS\"},{\"@type\":\"BreadcrumbList\",\"@id\":\"https:\\\/\\\/veosvending.com\\\/politica-privacidad-datos-veos\\\/#breadcrumb\",\"itemListElement\":[{\"@type\":\"ListItem\",\"position\":1,\"name\":\"Inicio\",\"item\":\"https:\\\/\\\/veosvending.com\\\/\"},{\"@type\":\"ListItem\",\"position\":2,\"name\":\"Politica de privacidad\"}]},{\"@type\":\"WebSite\",\"@id\":\"https:\\\/\\\/veosvending.com\\\/#website\",\"url\":\"https:\\\/\\\/veosvending.com\\\/\",\"name\":\"veOS\",\"description\":\"\",\"publisher\":{\"@id\":\"https:\\\/\\\/veosvending.com\\\/#organization\"},\"alternateName\":\"veOS Smart Vending\",\"potentialAction\":[{\"@type\":\"SearchAction\",\"target\":{\"@type\":\"EntryPoint\",\"urlTemplate\":\"https:\\\/\\\/veosvending.com\\\/?s={search_term_string}\"},\"query-input\":{\"@type\":\"PropertyValueSpecification\",\"valueRequired\":true,\"valueName\":\"search_term_string\"}}],\"inLanguage\":\"en-US\"},{\"@type\":\"Organization\",\"@id\":\"https:\\\/\\\/veosvending.com\\\/#organization\",\"name\":\"veOS Smart Vending\",\"url\":\"https:\\\/\\\/veosvending.com\\\/\",\"logo\":{\"@type\":\"ImageObject\",\"inLanguage\":\"en-US\",\"@id\":\"https:\\\/\\\/veosvending.com\\\/#\\\/schema\\\/logo\\\/image\\\/\",\"url\":\"http:\\\/\\\/veosvending.com\\\/wp-content\\\/uploads\\\/2024\\\/05\\\/Veos-final.png\",\"contentUrl\":\"http:\\\/\\\/veosvending.com\\\/wp-content\\\/uploads\\\/2024\\\/05\\\/Veos-final.png\",\"width\":600,\"height\":600,\"caption\":\"veOS Smart Vending\"},\"image\":{\"@id\":\"https:\\\/\\\/veosvending.com\\\/#\\\/schema\\\/logo\\\/image\\\/\"},\"sameAs\":[\"https:\\\/\\\/www.instagram.com\\\/veossmartvending\\\/\",\"https:\\\/\\\/www.linkedin.com\\\/company\\\/veos-technology\\\/\"]}]}<\/script>\n<!-- \/ Yoast SEO plugin. -->","yoast_head_json":{"title":"Pol\u00edtica de Privacidad de datos veOS: Protecci\u00f3n y Transparencia","description":"Conoce c\u00f3mo veOS protege tu informaci\u00f3n personal con nuestra pol\u00edtica de privacidad de datos, garantizando seguridad y transparencia.","robots":{"index":"index","follow":"follow","max-snippet":"max-snippet:-1","max-image-preview":"max-image-preview:large","max-video-preview":"max-video-preview:-1"},"canonical":"https:\/\/veosvending.com\/en\/politica-privacidad-datos-veos\/","og_locale":"en_US","og_type":"article","og_title":"Pol\u00edtica de Privacidad de datos veOS: Protecci\u00f3n y Transparencia","og_description":"Conoce c\u00f3mo veOS protege tu informaci\u00f3n personal con nuestra pol\u00edtica de privacidad de datos, garantizando seguridad y transparencia.","og_url":"https:\/\/veosvending.com\/en\/politica-privacidad-datos-veos\/","og_site_name":"veOS","article_modified_time":"2025-12-27T00:00:21+00:00","og_image":[{"width":600,"height":600,"url":"https:\/\/veosvending.com\/wp-content\/uploads\/2024\/05\/Veos-final.png","type":"image\/png"}],"twitter_card":"summary_large_image","twitter_misc":{"Est. reading time":"1 minute"},"schema":{"@context":"https:\/\/schema.org","@graph":[{"@type":"WebPage","@id":"https:\/\/veosvending.com\/politica-privacidad-datos-veos\/","url":"https:\/\/veosvending.com\/politica-privacidad-datos-veos\/","name":"Pol\u00edtica de Privacidad de datos veOS: Protecci\u00f3n y Transparencia","isPartOf":{"@id":"https:\/\/veosvending.com\/#website"},"primaryImageOfPage":{"@id":"https:\/\/veosvending.com\/politica-privacidad-datos-veos\/#primaryimage"},"image":{"@id":"https:\/\/veosvending.com\/politica-privacidad-datos-veos\/#primaryimage"},"thumbnailUrl":"http:\/\/veosvending.com\/wp-content\/uploads\/2024\/05\/Veos-final.png","datePublished":"2024-05-16T22:11:40+00:00","dateModified":"2025-12-27T00:00:21+00:00","description":"Conoce c\u00f3mo veOS protege tu informaci\u00f3n personal con nuestra pol\u00edtica de privacidad de datos, garantizando seguridad y transparencia.","breadcrumb":{"@id":"https:\/\/veosvending.com\/politica-privacidad-datos-veos\/#breadcrumb"},"inLanguage":"en-US","potentialAction":[{"@type":"ReadAction","target":["https:\/\/veosvending.com\/politica-privacidad-datos-veos\/"]}]},{"@type":"ImageObject","inLanguage":"en-US","@id":"https:\/\/veosvending.com\/politica-privacidad-datos-veos\/#primaryimage","url":"http:\/\/veosvending.com\/wp-content\/uploads\/2024\/05\/Veos-final.png","contentUrl":"http:\/\/veosvending.com\/wp-content\/uploads\/2024\/05\/Veos-final.png","width":600,"height":600,"caption":"Logo veOS"},{"@type":"BreadcrumbList","@id":"https:\/\/veosvending.com\/politica-privacidad-datos-veos\/#breadcrumb","itemListElement":[{"@type":"ListItem","position":1,"name":"Inicio","item":"https:\/\/veosvending.com\/"},{"@type":"ListItem","position":2,"name":"Politica de privacidad"}]},{"@type":"WebSite","@id":"https:\/\/veosvending.com\/#website","url":"https:\/\/veosvending.com\/","name":"veOS","description":"","publisher":{"@id":"https:\/\/veosvending.com\/#organization"},"alternateName":"veOS Smart Vending","potentialAction":[{"@type":"SearchAction","target":{"@type":"EntryPoint","urlTemplate":"https:\/\/veosvending.com\/?s={search_term_string}"},"query-input":{"@type":"PropertyValueSpecification","valueRequired":true,"valueName":"search_term_string"}}],"inLanguage":"en-US"},{"@type":"Organization","@id":"https:\/\/veosvending.com\/#organization","name":"veOS Smart Vending","url":"https:\/\/veosvending.com\/","logo":{"@type":"ImageObject","inLanguage":"en-US","@id":"https:\/\/veosvending.com\/#\/schema\/logo\/image\/","url":"http:\/\/veosvending.com\/wp-content\/uploads\/2024\/05\/Veos-final.png","contentUrl":"http:\/\/veosvending.com\/wp-content\/uploads\/2024\/05\/Veos-final.png","width":600,"height":600,"caption":"veOS Smart Vending"},"image":{"@id":"https:\/\/veosvending.com\/#\/schema\/logo\/image\/"},"sameAs":["https:\/\/www.instagram.com\/veossmartvending\/","https:\/\/www.linkedin.com\/company\/veos-technology\/"]}]}},"_links":{"self":[{"href":"http:\/\/veosvending.com\/en\/wp-json\/wp\/v2\/pages\/3","targetHints":{"allow":["GET"]}}],"collection":[{"href":"http:\/\/veosvending.com\/en\/wp-json\/wp\/v2\/pages"}],"about":[{"href":"http:\/\/veosvending.com\/en\/wp-json\/wp\/v2\/types\/page"}],"author":[{"embeddable":true,"href":"http:\/\/veosvending.com\/en\/wp-json\/wp\/v2\/users\/1"}],"replies":[{"embeddable":true,"href":"http:\/\/veosvending.com\/en\/wp-json\/wp\/v2\/comments?post=3"}],"version-history":[{"count":25,"href":"http:\/\/veosvending.com\/en\/wp-json\/wp\/v2\/pages\/3\/revisions"}],"predecessor-version":[{"id":2895,"href":"http:\/\/veosvending.com\/en\/wp-json\/wp\/v2\/pages\/3\/revisions\/2895"}],"wp:featuredmedia":[{"embeddable":true,"href":"http:\/\/veosvending.com\/en\/wp-json\/wp\/v2\/media\/43"}],"wp:attachment":[{"href":"http:\/\/veosvending.com\/en\/wp-json\/wp\/v2\/media?parent=3"}],"curies":[{"name":"wp","href":"https:\/\/api.w.org\/{rel}","templated":true}]}}