{"id":10,"date":"2024-05-16T23:06:44","date_gmt":"2024-05-16T23:06:44","guid":{"rendered":"http:\/\/veos.local\/?page_id=10"},"modified":"2025-12-27T17:43:06","modified_gmt":"2025-12-27T17:43:06","slug":"noticias-vending-inteligente","status":"publish","type":"page","link":"https:\/\/veosvending.com\/en\/noticias-vending-inteligente\/","title":{"rendered":"Noticias"},"content":{"rendered":"<div data-elementor-type=\"wp-page\" data-elementor-id=\"10\" class=\"elementor elementor-10\" data-elementor-settings=\"{&quot;ha_cmc_init_switcher&quot;:&quot;no&quot;}\">\n\t\t\t\t<div class=\"elementor-element elementor-element-f4c0c9e e-flex e-con-boxed e-con e-parent\" data-id=\"f4c0c9e\" data-element_type=\"container\" data-e-type=\"container\">\n\t\t\t\t\t<div class=\"e-con-inner\">\n\t\t\t\t<div class=\"elementor-element elementor-element-6c4e0e6 elementor-widget elementor-widget-hfe-basic-posts\" data-id=\"6c4e0e6\" data-element_type=\"widget\" data-e-type=\"widget\" data-widget_type=\"hfe-basic-posts.default\">\n\t\t\t\t<div class=\"elementor-widget-container\">\n\t\t\t\t\t\n<div class=\"hfe-posts-grid\">\n\t\t\t<article class=\"hfe-post-card\">\n\t\t\t\t\t\t\t<div class=\"hfe-post-image\">\n\t\t\t\t\t<a href=\"https:\/\/veosvending.com\/en\/beneficios-vending-sin-efectivo\/\" rel=\"bookmark\">\n\t\t\t\t\t\t<img decoding=\"async\" width=\"300\" height=\"300\" data-src=\"https:\/\/veosvending.com\/wp-content\/uploads\/2024\/10\/photography-of-internal-company-unattended-conveni-1-300x300.png\" class=\"attachment-medium size-medium wp-post-image lazyload\" alt=\"5 Beneficios clave del Vending sin efectivo para impulsar tu negocio\" data-srcset=\"https:\/\/veosvending.com\/wp-content\/uploads\/2024\/10\/photography-of-internal-company-unattended-conveni-1-300x300.png 300w, https:\/\/veosvending.com\/wp-content\/uploads\/2024\/10\/photography-of-internal-company-unattended-conveni-1-150x150.png 150w, https:\/\/veosvending.com\/wp-content\/uploads\/2024\/10\/photography-of-internal-company-unattended-conveni-1-768x768.png 768w, https:\/\/veosvending.com\/wp-content\/uploads\/2024\/10\/photography-of-internal-company-unattended-conveni-1-12x12.png 12w, https:\/\/veosvending.com\/wp-content\/uploads\/2024\/10\/photography-of-internal-company-unattended-conveni-1-250x250.png 250w, https:\/\/veosvending.com\/wp-content\/uploads\/2024\/10\/photography-of-internal-company-unattended-conveni-1-600x600.png 600w, https:\/\/veosvending.com\/wp-content\/uploads\/2024\/10\/photography-of-internal-company-unattended-conveni-1-649x649.png 649w, https:\/\/veosvending.com\/wp-content\/uploads\/2024\/10\/photography-of-internal-company-unattended-conveni-1.png 1024w\" data-sizes=\"auto, (max-width: 300px) 100vw, 300px\" src=\"data:image\/svg+xml;base64,PHN2ZyB3aWR0aD0iMSIgaGVpZ2h0PSIxIiB4bWxucz0iaHR0cDovL3d3dy53My5vcmcvMjAwMC9zdmciPjwvc3ZnPg==\" style=\"--smush-placeholder-width: 300px; --smush-placeholder-aspect-ratio: 300\/300;\" \/>\t\t\t\t\t<\/a>\n\t\t\t\t<\/div>\n\t\t\t\n\t\t\t<div class=\"hfe-post-content\">\n\t\t\t\t\t\t\t\t\t<h3 class=\"hfe-post-title\">\n\t\t\t\t\t\t<a href=\"https:\/\/veosvending.com\/en\/beneficios-vending-sin-efectivo\/\" rel=\"bookmark\">\n\t\t\t\t\t\t\t5 Beneficios clave del Vending sin efectivo para impulsar tu negocio\t\t\t\t\t\t<\/a>\n\t\t\t\t\t<\/h3>\n\t\t\t\t\n\t\t\t\t\t\t\t\t\t<div class=\"hfe-post-meta\">\n\t\t\t\t\t\t\t\t\t\t\t<\/div>\n\t\t\t\t\n\t\t\t\t\t\t\t\t\t<div class=\"hfe-post-excerpt\">\n\t\t\t\t\t\tLa industria del vending sin efectivo est\u00e1 en constante evoluci\u00f3n, y su adopci\u00f3n se ha convertido en una necesidad para...\t\t\t\t\t<\/div>\n\t\t\t\t\n\t\t\t\t\t\t\t\t\t<a href=\"https:\/\/veosvending.com\/en\/beneficios-vending-sin-efectivo\/\" class=\"hfe-read-more\" rel=\"bookmark\">\n\t\t\t\t\t\tLee m\u00e1s \u2192\t\t\t\t\t<\/a>\n\t\t\t\t\t\t\t<\/div>\n\t\t<\/article>\n\t\t\t\t<article class=\"hfe-post-card\">\n\t\t\t\t\t\t\t<div class=\"hfe-post-image\">\n\t\t\t\t\t<a href=\"https:\/\/veosvending.com\/en\/futuro-vending-pagos-digitales\/\" rel=\"bookmark\">\n\t\t\t\t\t\t<img decoding=\"async\" width=\"300\" height=\"280\" data-src=\"https:\/\/veosvending.com\/wp-content\/uploads\/2024\/10\/vending-machines-for-hot-drinks-and-snacks-943880369-300x280.png\" class=\"attachment-medium size-medium wp-post-image lazyload\" alt=\"El Futuro del Vending: M\u00e1s all\u00e1 de las monedas\" data-srcset=\"https:\/\/veosvending.com\/wp-content\/uploads\/2024\/10\/vending-machines-for-hot-drinks-and-snacks-943880369-300x280.png 300w, https:\/\/veosvending.com\/wp-content\/uploads\/2024\/10\/vending-machines-for-hot-drinks-and-snacks-943880369-768x716.png 768w, https:\/\/veosvending.com\/wp-content\/uploads\/2024\/10\/vending-machines-for-hot-drinks-and-snacks-943880369-13x12.png 13w, https:\/\/veosvending.com\/wp-content\/uploads\/2024\/10\/vending-machines-for-hot-drinks-and-snacks-943880369-600x560.png 600w, https:\/\/veosvending.com\/wp-content\/uploads\/2024\/10\/vending-machines-for-hot-drinks-and-snacks-943880369-696x649.png 696w, https:\/\/veosvending.com\/wp-content\/uploads\/2024\/10\/vending-machines-for-hot-drinks-and-snacks-943880369.png 1024w\" data-sizes=\"auto, (max-width: 300px) 100vw, 300px\" src=\"data:image\/svg+xml;base64,PHN2ZyB3aWR0aD0iMSIgaGVpZ2h0PSIxIiB4bWxucz0iaHR0cDovL3d3dy53My5vcmcvMjAwMC9zdmciPjwvc3ZnPg==\" style=\"--smush-placeholder-width: 300px; --smush-placeholder-aspect-ratio: 300\/280;\" \/>\t\t\t\t\t<\/a>\n\t\t\t\t<\/div>\n\t\t\t\n\t\t\t<div class=\"hfe-post-content\">\n\t\t\t\t\t\t\t\t\t<h3 class=\"hfe-post-title\">\n\t\t\t\t\t\t<a href=\"https:\/\/veosvending.com\/en\/futuro-vending-pagos-digitales\/\" rel=\"bookmark\">\n\t\t\t\t\t\t\tEl Futuro del Vending: M\u00e1s all\u00e1 de las monedas\t\t\t\t\t\t<\/a>\n\t\t\t\t\t<\/h3>\n\t\t\t\t\n\t\t\t\t\t\t\t\t\t<div class=\"hfe-post-meta\">\n\t\t\t\t\t\t\t\t\t\t\t<\/div>\n\t\t\t\t\n\t\t\t\t\t\t\t\t\t<div class=\"hfe-post-excerpt\">\n\t\t\t\t\t\tIntroducci\u00f3n: La industria del vending est\u00e1 en constante evoluci\u00f3n, impulsada por la innovaci\u00f3n tecnol\u00f3gica y las cambiantes necesidades de los...\t\t\t\t\t<\/div>\n\t\t\t\t\n\t\t\t\t\t\t\t\t\t<a href=\"https:\/\/veosvending.com\/en\/futuro-vending-pagos-digitales\/\" class=\"hfe-read-more\" rel=\"bookmark\">\n\t\t\t\t\t\tLee m\u00e1s \u2192\t\t\t\t\t<\/a>\n\t\t\t\t\t\t\t<\/div>\n\t\t<\/article>\n\t\t\t\t<article class=\"hfe-post-card\">\n\t\t\t\t\t\t\t<div class=\"hfe-post-image\">\n\t\t\t\t\t<a href=\"https:\/\/veosvending.com\/en\/vending-inteligente-veos-espacio-de-trabajo\/\" rel=\"bookmark\">\n\t\t\t\t\t\t<img decoding=\"async\" width=\"300\" height=\"200\" data-src=\"https:\/\/veosvending.com\/wp-content\/uploads\/2024\/10\/futuristic-vending-machine-sleek-design-large-touchscreen-interface-digital-payment-compatibility2-300x200.png\" class=\"attachment-medium size-medium wp-post-image lazyload\" alt=\"Vending Inteligente: Transformando el Espacio de Trabajo Moderno\" data-srcset=\"https:\/\/veosvending.com\/wp-content\/uploads\/2024\/10\/futuristic-vending-machine-sleek-design-large-touchscreen-interface-digital-payment-compatibility2-300x200.png 300w, https:\/\/veosvending.com\/wp-content\/uploads\/2024\/10\/futuristic-vending-machine-sleek-design-large-touchscreen-interface-digital-payment-compatibility2-768x512.png 768w, https:\/\/veosvending.com\/wp-content\/uploads\/2024\/10\/futuristic-vending-machine-sleek-design-large-touchscreen-interface-digital-payment-compatibility2-18x12.png 18w, https:\/\/veosvending.com\/wp-content\/uploads\/2024\/10\/futuristic-vending-machine-sleek-design-large-touchscreen-interface-digital-payment-compatibility2-600x400.png 600w, https:\/\/veosvending.com\/wp-content\/uploads\/2024\/10\/futuristic-vending-machine-sleek-design-large-touchscreen-interface-digital-payment-compatibility2-973x649.png 973w, https:\/\/veosvending.com\/wp-content\/uploads\/2024\/10\/futuristic-vending-machine-sleek-design-large-touchscreen-interface-digital-payment-compatibility2.png 1000w\" data-sizes=\"auto, (max-width: 300px) 100vw, 300px\" src=\"data:image\/svg+xml;base64,PHN2ZyB3aWR0aD0iMSIgaGVpZ2h0PSIxIiB4bWxucz0iaHR0cDovL3d3dy53My5vcmcvMjAwMC9zdmciPjwvc3ZnPg==\" style=\"--smush-placeholder-width: 300px; --smush-placeholder-aspect-ratio: 300\/200;\" \/>\t\t\t\t\t<\/a>\n\t\t\t\t<\/div>\n\t\t\t\n\t\t\t<div class=\"hfe-post-content\">\n\t\t\t\t\t\t\t\t\t<h3 class=\"hfe-post-title\">\n\t\t\t\t\t\t<a href=\"https:\/\/veosvending.com\/en\/vending-inteligente-veos-espacio-de-trabajo\/\" rel=\"bookmark\">\n\t\t\t\t\t\t\tinteligent vending\t\t\t\t\t\t<\/a>\n\t\t\t\t\t<\/h3>\n\t\t\t\t\n\t\t\t\t\t\t\t\t\t<div class=\"hfe-post-meta\">\n\t\t\t\t\t\t\t\t\t\t\t<\/div>\n\t\t\t\t\n\t\t\t\t\t\t\t\t\t<div class=\"hfe-post-excerpt\">\n\t\t\t\t\t\tEl espacio de trabajo moderno est\u00e1 en constante evoluci\u00f3n, y las empresas buscan nuevas formas de mejorar la experiencia de...\t\t\t\t\t<\/div>\n\t\t\t\t\n\t\t\t\t\t\t\t\t\t<a href=\"https:\/\/veosvending.com\/en\/vending-inteligente-veos-espacio-de-trabajo\/\" class=\"hfe-read-more\" rel=\"bookmark\">\n\t\t\t\t\t\tLee m\u00e1s \u2192\t\t\t\t\t<\/a>\n\t\t\t\t\t\t\t<\/div>\n\t\t<\/article>\n\t\t<\/div>\n\t\t\t\t<\/div>\n\t\t\t\t<\/div>\n\t\t\t\t\t<\/div>\n\t\t\t\t<\/div>\n\t\t\t\t<\/div>","protected":false},"excerpt":{"rendered":"<p>5 Beneficios clave del Vending sin efectivo para impulsar tu negocio La industria del vending sin efectivo est\u00e1 en constante evoluci\u00f3n, y su adopci\u00f3n se ha convertido en una necesidad para&#8230; Lee m\u00e1s \u2192 El Futuro del Vending: M\u00e1s all\u00e1 de las monedas Introducci\u00f3n: La industria del vending est\u00e1 en constante evoluci\u00f3n, impulsada por la [&hellip;]<\/p>\n","protected":false},"author":1,"featured_media":2000,"parent":0,"menu_order":0,"comment_status":"closed","ping_status":"closed","template":"","meta":{"footnotes":""},"class_list":["post-10","page","type-page","status-publish","has-post-thumbnail","hentry"],"yoast_head":"<!-- This site is optimized with the Yoast SEO plugin v27.4 - https:\/\/yoast.com\/product\/yoast-seo-wordpress\/ -->\n<title>Noticias y Actualizaciones sobre Vending Inteligente | veOS<\/title>\n<meta name=\"description\" content=\"Ent\u00e9rate de las \u00faltimas noticias y tendencias sobre vending inteligente con veOS. Innovaci\u00f3n, tecnolog\u00eda y m\u00e1s en nuestro blog.\" \/>\n<meta name=\"robots\" content=\"index, follow, max-snippet:-1, max-image-preview:large, max-video-preview:-1\" \/>\n<link rel=\"canonical\" href=\"https:\/\/veosvending.com\/en\/noticias-vending-inteligente\/\" \/>\n<meta property=\"og:locale\" content=\"en_US\" \/>\n<meta property=\"og:type\" content=\"article\" \/>\n<meta property=\"og:title\" content=\"Noticias y Actualizaciones sobre Vending Inteligente | veOS\" \/>\n<meta property=\"og:description\" content=\"Ent\u00e9rate de las \u00faltimas noticias y tendencias sobre vending inteligente con veOS. Innovaci\u00f3n, tecnolog\u00eda y m\u00e1s en nuestro blog.\" \/>\n<meta property=\"og:url\" content=\"https:\/\/veosvending.com\/en\/noticias-vending-inteligente\/\" \/>\n<meta property=\"og:site_name\" content=\"veOS\" \/>\n<meta property=\"article:modified_time\" content=\"2025-12-27T17:43:06+00:00\" \/>\n<meta property=\"og:image\" content=\"https:\/\/veosvending.com\/wp-content\/uploads\/2024\/10\/photography-of-internal-company-unattended-conveni-1.png\" \/>\n\t<meta property=\"og:image:width\" content=\"1024\" \/>\n\t<meta property=\"og:image:height\" content=\"1024\" \/>\n\t<meta property=\"og:image:type\" content=\"image\/png\" \/>\n<meta name=\"twitter:card\" content=\"summary_large_image\" \/>\n<meta name=\"twitter:label1\" content=\"Est. reading time\" \/>\n\t<meta name=\"twitter:data1\" content=\"2 minutes\" \/>\n<script type=\"application\/ld+json\" class=\"yoast-schema-graph\">{\"@context\":\"https:\\\/\\\/schema.org\",\"@graph\":[{\"@type\":\"WebPage\",\"@id\":\"https:\\\/\\\/veosvending.com\\\/noticias-vending-inteligente\\\/\",\"url\":\"https:\\\/\\\/veosvending.com\\\/noticias-vending-inteligente\\\/\",\"name\":\"Noticias y Actualizaciones sobre Vending Inteligente | veOS\",\"isPartOf\":{\"@id\":\"https:\\\/\\\/veosvending.com\\\/#website\"},\"primaryImageOfPage\":{\"@id\":\"https:\\\/\\\/veosvending.com\\\/noticias-vending-inteligente\\\/#primaryimage\"},\"image\":{\"@id\":\"https:\\\/\\\/veosvending.com\\\/noticias-vending-inteligente\\\/#primaryimage\"},\"thumbnailUrl\":\"https:\\\/\\\/veosvending.com\\\/wp-content\\\/uploads\\\/2024\\\/10\\\/photography-of-internal-company-unattended-conveni-1.png\",\"datePublished\":\"2024-05-16T23:06:44+00:00\",\"dateModified\":\"2025-12-27T17:43:06+00:00\",\"description\":\"Ent\u00e9rate de las \u00faltimas noticias y tendencias sobre vending inteligente con veOS. Innovaci\u00f3n, tecnolog\u00eda y m\u00e1s en nuestro blog.\",\"breadcrumb\":{\"@id\":\"https:\\\/\\\/veosvending.com\\\/noticias-vending-inteligente\\\/#breadcrumb\"},\"inLanguage\":\"en-US\",\"potentialAction\":[{\"@type\":\"ReadAction\",\"target\":[\"https:\\\/\\\/veosvending.com\\\/noticias-vending-inteligente\\\/\"]}]},{\"@type\":\"ImageObject\",\"inLanguage\":\"en-US\",\"@id\":\"https:\\\/\\\/veosvending.com\\\/noticias-vending-inteligente\\\/#primaryimage\",\"url\":\"https:\\\/\\\/veosvending.com\\\/wp-content\\\/uploads\\\/2024\\\/10\\\/photography-of-internal-company-unattended-conveni-1.png\",\"contentUrl\":\"https:\\\/\\\/veosvending.com\\\/wp-content\\\/uploads\\\/2024\\\/10\\\/photography-of-internal-company-unattended-conveni-1.png\",\"width\":1024,\"height\":1024,\"caption\":\"Tienda de conveniencia equipada con soluciones veOS, destacando la innovaci\u00f3n en vending y modernizaci\u00f3n tecnol\u00f3gica.\"},{\"@type\":\"BreadcrumbList\",\"@id\":\"https:\\\/\\\/veosvending.com\\\/noticias-vending-inteligente\\\/#breadcrumb\",\"itemListElement\":[{\"@type\":\"ListItem\",\"position\":1,\"name\":\"Inicio\",\"item\":\"https:\\\/\\\/veosvending.com\\\/\"},{\"@type\":\"ListItem\",\"position\":2,\"name\":\"Noticias\"}]},{\"@type\":\"WebSite\",\"@id\":\"https:\\\/\\\/veosvending.com\\\/#website\",\"url\":\"https:\\\/\\\/veosvending.com\\\/\",\"name\":\"veOS\",\"description\":\"\",\"publisher\":{\"@id\":\"https:\\\/\\\/veosvending.com\\\/#organization\"},\"alternateName\":\"veOS Smart Vending\",\"potentialAction\":[{\"@type\":\"SearchAction\",\"target\":{\"@type\":\"EntryPoint\",\"urlTemplate\":\"https:\\\/\\\/veosvending.com\\\/?s={search_term_string}\"},\"query-input\":{\"@type\":\"PropertyValueSpecification\",\"valueRequired\":true,\"valueName\":\"search_term_string\"}}],\"inLanguage\":\"en-US\"},{\"@type\":\"Organization\",\"@id\":\"https:\\\/\\\/veosvending.com\\\/#organization\",\"name\":\"veOS Smart Vending\",\"url\":\"https:\\\/\\\/veosvending.com\\\/\",\"logo\":{\"@type\":\"ImageObject\",\"inLanguage\":\"en-US\",\"@id\":\"https:\\\/\\\/veosvending.com\\\/#\\\/schema\\\/logo\\\/image\\\/\",\"url\":\"https:\\\/\\\/veosvending.com\\\/wp-content\\\/uploads\\\/2024\\\/05\\\/Veos-final.png\",\"contentUrl\":\"https:\\\/\\\/veosvending.com\\\/wp-content\\\/uploads\\\/2024\\\/05\\\/Veos-final.png\",\"width\":600,\"height\":600,\"caption\":\"veOS Smart Vending\"},\"image\":{\"@id\":\"https:\\\/\\\/veosvending.com\\\/#\\\/schema\\\/logo\\\/image\\\/\"},\"sameAs\":[\"https:\\\/\\\/www.instagram.com\\\/veossmartvending\\\/\",\"https:\\\/\\\/www.linkedin.com\\\/company\\\/veos-technology\\\/\"]}]}<\/script>\n<!-- \/ Yoast SEO plugin. -->","yoast_head_json":{"title":"Noticias y Actualizaciones sobre Vending Inteligente | veOS","description":"Ent\u00e9rate de las \u00faltimas noticias y tendencias sobre vending inteligente con veOS. Innovaci\u00f3n, tecnolog\u00eda y m\u00e1s en nuestro blog.","robots":{"index":"index","follow":"follow","max-snippet":"max-snippet:-1","max-image-preview":"max-image-preview:large","max-video-preview":"max-video-preview:-1"},"canonical":"https:\/\/veosvending.com\/en\/noticias-vending-inteligente\/","og_locale":"en_US","og_type":"article","og_title":"Noticias y Actualizaciones sobre Vending Inteligente | veOS","og_description":"Ent\u00e9rate de las \u00faltimas noticias y tendencias sobre vending inteligente con veOS. Innovaci\u00f3n, tecnolog\u00eda y m\u00e1s en nuestro blog.","og_url":"https:\/\/veosvending.com\/en\/noticias-vending-inteligente\/","og_site_name":"veOS","article_modified_time":"2025-12-27T17:43:06+00:00","og_image":[{"width":1024,"height":1024,"url":"https:\/\/veosvending.com\/wp-content\/uploads\/2024\/10\/photography-of-internal-company-unattended-conveni-1.png","type":"image\/png"}],"twitter_card":"summary_large_image","twitter_misc":{"Est. reading time":"2 minutes"},"schema":{"@context":"https:\/\/schema.org","@graph":[{"@type":"WebPage","@id":"https:\/\/veosvending.com\/noticias-vending-inteligente\/","url":"https:\/\/veosvending.com\/noticias-vending-inteligente\/","name":"Noticias y Actualizaciones sobre Vending Inteligente | veOS","isPartOf":{"@id":"https:\/\/veosvending.com\/#website"},"primaryImageOfPage":{"@id":"https:\/\/veosvending.com\/noticias-vending-inteligente\/#primaryimage"},"image":{"@id":"https:\/\/veosvending.com\/noticias-vending-inteligente\/#primaryimage"},"thumbnailUrl":"https:\/\/veosvending.com\/wp-content\/uploads\/2024\/10\/photography-of-internal-company-unattended-conveni-1.png","datePublished":"2024-05-16T23:06:44+00:00","dateModified":"2025-12-27T17:43:06+00:00","description":"Ent\u00e9rate de las \u00faltimas noticias y tendencias sobre vending inteligente con veOS. Innovaci\u00f3n, tecnolog\u00eda y m\u00e1s en nuestro blog.","breadcrumb":{"@id":"https:\/\/veosvending.com\/noticias-vending-inteligente\/#breadcrumb"},"inLanguage":"en-US","potentialAction":[{"@type":"ReadAction","target":["https:\/\/veosvending.com\/noticias-vending-inteligente\/"]}]},{"@type":"ImageObject","inLanguage":"en-US","@id":"https:\/\/veosvending.com\/noticias-vending-inteligente\/#primaryimage","url":"https:\/\/veosvending.com\/wp-content\/uploads\/2024\/10\/photography-of-internal-company-unattended-conveni-1.png","contentUrl":"https:\/\/veosvending.com\/wp-content\/uploads\/2024\/10\/photography-of-internal-company-unattended-conveni-1.png","width":1024,"height":1024,"caption":"Tienda de conveniencia equipada con soluciones veOS, destacando la innovaci\u00f3n en vending y modernizaci\u00f3n tecnol\u00f3gica."},{"@type":"BreadcrumbList","@id":"https:\/\/veosvending.com\/noticias-vending-inteligente\/#breadcrumb","itemListElement":[{"@type":"ListItem","position":1,"name":"Inicio","item":"https:\/\/veosvending.com\/"},{"@type":"ListItem","position":2,"name":"Noticias"}]},{"@type":"WebSite","@id":"https:\/\/veosvending.com\/#website","url":"https:\/\/veosvending.com\/","name":"veOS","description":"","publisher":{"@id":"https:\/\/veosvending.com\/#organization"},"alternateName":"veOS Smart Vending","potentialAction":[{"@type":"SearchAction","target":{"@type":"EntryPoint","urlTemplate":"https:\/\/veosvending.com\/?s={search_term_string}"},"query-input":{"@type":"PropertyValueSpecification","valueRequired":true,"valueName":"search_term_string"}}],"inLanguage":"en-US"},{"@type":"Organization","@id":"https:\/\/veosvending.com\/#organization","name":"veOS Smart Vending","url":"https:\/\/veosvending.com\/","logo":{"@type":"ImageObject","inLanguage":"en-US","@id":"https:\/\/veosvending.com\/#\/schema\/logo\/image\/","url":"https:\/\/veosvending.com\/wp-content\/uploads\/2024\/05\/Veos-final.png","contentUrl":"https:\/\/veosvending.com\/wp-content\/uploads\/2024\/05\/Veos-final.png","width":600,"height":600,"caption":"veOS Smart Vending"},"image":{"@id":"https:\/\/veosvending.com\/#\/schema\/logo\/image\/"},"sameAs":["https:\/\/www.instagram.com\/veossmartvending\/","https:\/\/www.linkedin.com\/company\/veos-technology\/"]}]}},"_links":{"self":[{"href":"https:\/\/veosvending.com\/en\/wp-json\/wp\/v2\/pages\/10","targetHints":{"allow":["GET"]}}],"collection":[{"href":"https:\/\/veosvending.com\/en\/wp-json\/wp\/v2\/pages"}],"about":[{"href":"https:\/\/veosvending.com\/en\/wp-json\/wp\/v2\/types\/page"}],"author":[{"embeddable":true,"href":"https:\/\/veosvending.com\/en\/wp-json\/wp\/v2\/users\/1"}],"replies":[{"embeddable":true,"href":"https:\/\/veosvending.com\/en\/wp-json\/wp\/v2\/comments?post=10"}],"version-history":[{"count":70,"href":"https:\/\/veosvending.com\/en\/wp-json\/wp\/v2\/pages\/10\/revisions"}],"predecessor-version":[{"id":2901,"href":"https:\/\/veosvending.com\/en\/wp-json\/wp\/v2\/pages\/10\/revisions\/2901"}],"wp:featuredmedia":[{"embeddable":true,"href":"https:\/\/veosvending.com\/en\/wp-json\/wp\/v2\/media\/2000"}],"wp:attachment":[{"href":"https:\/\/veosvending.com\/en\/wp-json\/wp\/v2\/media?parent=10"}],"curies":[{"name":"wp","href":"https:\/\/api.w.org\/{rel}","templated":true}]}}