{"id":14,"date":"2024-05-16T23:07:26","date_gmt":"2024-05-16T23:07:26","guid":{"rendered":"http:\/\/veos.local\/?page_id=14"},"modified":"2025-07-30T15:53:17","modified_gmt":"2025-07-30T15:53:17","slug":"innovacion-en-el-vending","status":"publish","type":"page","link":"https:\/\/veosvending.com\/en\/innovacion-en-el-vending\/","title":{"rendered":"Nosotros"},"content":{"rendered":"<div data-elementor-type=\"wp-page\" data-elementor-id=\"14\" class=\"elementor elementor-14\" data-elementor-settings=\"{&quot;ha_cmc_init_switcher&quot;:&quot;no&quot;}\">\n\t\t\t\t<div class=\"elementor-element elementor-element-88ef1af e-flex e-con-boxed e-con e-parent\" data-id=\"88ef1af\" data-element_type=\"container\" data-e-type=\"container\" data-settings=\"{&quot;background_background&quot;:&quot;gradient&quot;}\">\n\t\t\t\t\t<div class=\"e-con-inner\">\n\t\t<div class=\"elementor-element elementor-element-1498271 e-con-full e-flex elementor-invisible e-con e-child\" data-id=\"1498271\" data-element_type=\"container\" data-e-type=\"container\" data-settings=\"{&quot;animation&quot;:&quot;fadeInLeft&quot;}\">\n\t\t\t\t<div class=\"elementor-element elementor-element-0e4c5d4 elementor-widget elementor-widget-heading\" data-id=\"0e4c5d4\" data-element_type=\"widget\" data-e-type=\"widget\" data-widget_type=\"heading.default\">\n\t\t\t\t<div class=\"elementor-widget-container\">\n\t\t\t\t\t<h2 class=\"elementor-heading-title elementor-size-default\">Un Equipo Impulsado por la Innovaci\u00f3n en el Vending y la Pasi\u00f3n por la Tecnolog\u00eda<\/h2>\t\t\t\t<\/div>\n\t\t\t\t<\/div>\n\t\t\t\t<div class=\"elementor-element elementor-element-7ff9593 elementor-widget elementor-widget-heading\" data-id=\"7ff9593\" data-element_type=\"widget\" data-e-type=\"widget\" data-widget_type=\"heading.default\">\n\t\t\t\t<div class=\"elementor-widget-container\">\n\t\t\t\t\t<h5 class=\"elementor-heading-title elementor-size-default\">Conozca al equipo que est\u00e1 cambiando el Vending<\/h5>\t\t\t\t<\/div>\n\t\t\t\t<\/div>\n\t\t\t\t<div class=\"elementor-element elementor-element-a9a4d08 elementor-widget elementor-widget-text-editor\" data-id=\"a9a4d08\" data-element_type=\"widget\" data-e-type=\"widget\" data-widget_type=\"text-editor.default\">\n\t\t\t\t<div class=\"elementor-widget-container\">\n\t\t\t\t\t\t\t\t\t<p>veOS es el resultado de la visi\u00f3n y el trabajo incansable de un equipo humano comprometido con la innovaci\u00f3n en el vending, so\u00f1ando con transformar esta industria del Vending en un canal de ventas de productos y servicios transaccionales y comerciales.\u00a0<\/p><p>veOS naci\u00f3 en una ciudad vibrante no solo por la m\u00fasica, el deporte, sino tambi\u00e9n por ser una incubadora de emprendimientos, la llamada sucursal del cielo, Cali &#8211; Colombia.<\/p><p>El equipo humano cuenta con amplia experiencia en innovaci\u00f3n en el vending, desarrollo de software y tecnolog\u00eda avanzada, enfocados en revolucionar la industria del retail desatendido con soluciones innovadoras, vers\u00e1tiles, ofreciendo una experiencia de compra m\u00e1s eficiente y atractiva.<\/p><p>El camino de veOS ha estado marcado por la colaboraci\u00f3n y la b\u00fasqueda constante de la excelencia. Desde sus inicios, la empresa ha contado con el apoyo de importantes instituciones de la regi\u00f3n y participaci\u00f3n en diferentes procesos, los cuales han permitido que veOS consolide su posici\u00f3n como una empresa l\u00edder en el sector del retail desatendido.<\/p>\t\t\t\t\t\t\t\t<\/div>\n\t\t\t\t<\/div>\n\t\t\t\t<\/div>\n\t\t<div class=\"elementor-element elementor-element-8a119e2 e-con-full e-flex elementor-invisible e-con e-child\" data-id=\"8a119e2\" data-element_type=\"container\" data-e-type=\"container\" data-settings=\"{&quot;animation&quot;:&quot;fadeInRight&quot;}\">\n\t\t\t\t<div class=\"elementor-element elementor-element-13c8fa0 elementor-widget elementor-widget-image\" data-id=\"13c8fa0\" data-element_type=\"widget\" data-e-type=\"widget\" data-widget_type=\"image.default\">\n\t\t\t\t<div class=\"elementor-widget-container\">\n\t\t\t\t\t\t\t\t\t\t\t\t\t\t\t<img fetchpriority=\"high\" decoding=\"async\" width=\"800\" height=\"670\" src=\"https:\/\/veosvending.com\/wp-content\/uploads\/2025\/07\/equipo_veos_2025_julio-1024x857.png\" class=\"attachment-large size-large wp-image-2884\" alt=\"\" srcset=\"https:\/\/veosvending.com\/wp-content\/uploads\/2025\/07\/equipo_veos_2025_julio-1024x857.png 1024w, https:\/\/veosvending.com\/wp-content\/uploads\/2025\/07\/equipo_veos_2025_julio-300x251.png 300w, https:\/\/veosvending.com\/wp-content\/uploads\/2025\/07\/equipo_veos_2025_julio-768x643.png 768w, https:\/\/veosvending.com\/wp-content\/uploads\/2025\/07\/equipo_veos_2025_julio-14x12.png 14w, https:\/\/veosvending.com\/wp-content\/uploads\/2025\/07\/equipo_veos_2025_julio-600x502.png 600w, https:\/\/veosvending.com\/wp-content\/uploads\/2025\/07\/equipo_veos_2025_julio-776x649.png 776w, https:\/\/veosvending.com\/wp-content\/uploads\/2025\/07\/equipo_veos_2025_julio.png 1224w\" sizes=\"(max-width: 800px) 100vw, 800px\" \/>\t\t\t\t\t\t\t\t\t\t\t\t\t\t\t<\/div>\n\t\t\t\t<\/div>\n\t\t\t\t<div class=\"elementor-element elementor-element-ed637e0 elementor-widget elementor-widget-text-editor\" data-id=\"ed637e0\" data-element_type=\"widget\" data-e-type=\"widget\" data-widget_type=\"text-editor.default\">\n\t\t\t\t<div class=\"elementor-widget-container\">\n\t\t\t\t\t\t\t\t\t<p>Como parte de su compromiso con la innovaci\u00f3n en el vending, veOS ha desarrollado una plataforma integral que incluye soluciones de pago sin efectivo, control remoto de m\u00e1quinas, integraci\u00f3n de m\u00e1quinas a ecosistemas de pago y consumo, an\u00e1lisis de datos, transformando la forma en que se opera el Vending.<\/p><p>veOS ha evolucionado de una idea innovadora a una empresa consolidada, el compromiso con la calidad, la eficiencia y la satisfacci\u00f3n del cliente ha impulsado el crecimiento de veOS, convirti\u00e9ndose en una empresa l\u00edder impulsando el crecimiento y la modernizaci\u00f3n del Vending y retail desatendido en el Pa\u00eds y en Latinoam\u00e9rica.<\/p>\t\t\t\t\t\t\t\t<\/div>\n\t\t\t\t<\/div>\n\t\t\t\t<\/div>\n\t\t\t\t\t<\/div>\n\t\t\t\t<\/div>\n\t\t<div class=\"elementor-element elementor-element-a4dcd00 e-flex e-con-boxed e-con e-child\" data-id=\"a4dcd00\" data-element_type=\"container\" data-e-type=\"container\">\n\t\t\t\t\t<div class=\"e-con-inner\">\n\t\t<div class=\"elementor-element elementor-element-e9effe3 e-con-full e-flex e-con e-child\" data-id=\"e9effe3\" data-element_type=\"container\" data-e-type=\"container\">\n\t\t<div class=\"elementor-element elementor-element-c290bf1 e-flex e-con-boxed e-con e-child\" data-id=\"c290bf1\" data-element_type=\"container\" data-e-type=\"container\">\n\t\t\t\t\t<div class=\"e-con-inner\">\n\t\t\t\t<div class=\"elementor-element elementor-element-ddf5585 elementor-widget elementor-widget-heading\" data-id=\"ddf5585\" data-element_type=\"widget\" data-e-type=\"widget\" data-widget_type=\"heading.default\">\n\t\t\t\t<div class=\"elementor-widget-container\">\n\t\t\t\t\t<h2 class=\"elementor-heading-title elementor-size-default\">Valores<\/h2>\t\t\t\t<\/div>\n\t\t\t\t<\/div>\n\t\t<div class=\"elementor-element elementor-element-1a14410 animated-slow e-flex e-con-boxed elementor-invisible e-con e-child\" data-id=\"1a14410\" data-element_type=\"container\" data-e-type=\"container\" data-settings=\"{&quot;animation&quot;:&quot;fadeInUp&quot;}\">\n\t\t\t\t\t<div class=\"e-con-inner\">\n\t\t\t\t<div class=\"elementor-element elementor-element-5d3bbc2 elementor-widget__width-inherit elementor-view-default elementor-position-block-start elementor-mobile-position-block-start elementor-widget elementor-widget-icon-box\" data-id=\"5d3bbc2\" data-element_type=\"widget\" data-e-type=\"widget\" data-widget_type=\"icon-box.default\">\n\t\t\t\t<div class=\"elementor-widget-container\">\n\t\t\t\t\t\t\t<div class=\"elementor-icon-box-wrapper\">\n\n\t\t\t\t\t\t<div class=\"elementor-icon-box-icon\">\n\t\t\t\t<span  class=\"elementor-icon\">\n\t\t\t\t<i aria-hidden=\"true\" class=\"hm hm-bulb\"><\/i>\t\t\t\t<\/span>\n\t\t\t<\/div>\n\t\t\t\n\t\t\t\t\t\t<div class=\"elementor-icon-box-content\">\n\n\t\t\t\t\t\t\t\t\t<h3 class=\"elementor-icon-box-title\">\n\t\t\t\t\t\t<span  >\n\t\t\t\t\t\t\tInnovaci\u00f3n\t\t\t\t\t\t<\/span>\n\t\t\t\t\t<\/h3>\n\t\t\t\t\n\t\t\t\t\t\t\t\t\t<p class=\"elementor-icon-box-description\">\n\t\t\t\t\t\tEstamos constantemente desafiando las normas para liderar la innovaci\u00f3n en el vending y desarrollar soluciones que impulsen el futuro de esta industria.\t\t\t\t\t<\/p>\n\t\t\t\t\n\t\t\t<\/div>\n\t\t\t\n\t\t<\/div>\n\t\t\t\t\t\t<\/div>\n\t\t\t\t<\/div>\n\t\t\t\t<div class=\"elementor-element elementor-element-c428fee elementor-widget__width-inherit elementor-view-default elementor-position-block-start elementor-mobile-position-block-start elementor-widget elementor-widget-icon-box\" data-id=\"c428fee\" data-element_type=\"widget\" data-e-type=\"widget\" data-widget_type=\"icon-box.default\">\n\t\t\t\t<div class=\"elementor-widget-container\">\n\t\t\t\t\t\t\t<div class=\"elementor-icon-box-wrapper\">\n\n\t\t\t\t\t\t<div class=\"elementor-icon-box-icon\">\n\t\t\t\t<span  class=\"elementor-icon\">\n\t\t\t\t<i aria-hidden=\"true\" class=\"hm hm-team-member\"><\/i>\t\t\t\t<\/span>\n\t\t\t<\/div>\n\t\t\t\n\t\t\t\t\t\t<div class=\"elementor-icon-box-content\">\n\n\t\t\t\t\t\t\t\t\t<h3 class=\"elementor-icon-box-title\">\n\t\t\t\t\t\t<span  >\n\t\t\t\t\t\t\tColaboraci\u00f3n\t\t\t\t\t\t<\/span>\n\t\t\t\t\t<\/h3>\n\t\t\t\t\n\t\t\t\t\t\t\t\t\t<p class=\"elementor-icon-box-description\">\n\t\t\t\t\t\tCreemos en el poder de la colaboraci\u00f3n para lograr un impacto positivo en la industria.\t\t\t\t\t<\/p>\n\t\t\t\t\n\t\t\t<\/div>\n\t\t\t\n\t\t<\/div>\n\t\t\t\t\t\t<\/div>\n\t\t\t\t<\/div>\n\t\t\t\t<div class=\"elementor-element elementor-element-4f3905a elementor-widget__width-inherit elementor-view-default elementor-position-block-start elementor-mobile-position-block-start elementor-widget elementor-widget-icon-box\" data-id=\"4f3905a\" data-element_type=\"widget\" data-e-type=\"widget\" data-widget_type=\"icon-box.default\">\n\t\t\t\t<div class=\"elementor-widget-container\">\n\t\t\t\t\t\t\t<div class=\"elementor-icon-box-wrapper\">\n\n\t\t\t\t\t\t<div class=\"elementor-icon-box-icon\">\n\t\t\t\t<span  class=\"elementor-icon\">\n\t\t\t\t<i aria-hidden=\"true\" class=\"hm hm-star\"><\/i>\t\t\t\t<\/span>\n\t\t\t<\/div>\n\t\t\t\n\t\t\t\t\t\t<div class=\"elementor-icon-box-content\">\n\n\t\t\t\t\t\t\t\t\t<h3 class=\"elementor-icon-box-title\">\n\t\t\t\t\t\t<span  >\n\t\t\t\t\t\t\tExcelencia\t\t\t\t\t\t<\/span>\n\t\t\t\t\t<\/h3>\n\t\t\t\t\n\t\t\t\t\t\t\t\t\t<p class=\"elementor-icon-box-description\">\n\t\t\t\t\t\tLa excelencia es nuestro est\u00e1ndar, nos esforzamos por brindar soluciones de alta calidad y resultados excepcionales.\t\t\t\t\t<\/p>\n\t\t\t\t\n\t\t\t<\/div>\n\t\t\t\n\t\t<\/div>\n\t\t\t\t\t\t<\/div>\n\t\t\t\t<\/div>\n\t\t\t\t\t<\/div>\n\t\t\t\t<\/div>\n\t\t<div class=\"elementor-element elementor-element-de519d0 animated-slow e-flex e-con-boxed elementor-invisible e-con e-child\" data-id=\"de519d0\" data-element_type=\"container\" data-e-type=\"container\" data-settings=\"{&quot;animation&quot;:&quot;fadeInUp&quot;}\">\n\t\t\t\t\t<div class=\"e-con-inner\">\n\t\t\t\t<div class=\"elementor-element elementor-element-cd97369 elementor-widget__width-inherit elementor-view-default elementor-position-block-start elementor-mobile-position-block-start elementor-widget elementor-widget-icon-box\" data-id=\"cd97369\" data-element_type=\"widget\" data-e-type=\"widget\" data-widget_type=\"icon-box.default\">\n\t\t\t\t<div class=\"elementor-widget-container\">\n\t\t\t\t\t\t\t<div class=\"elementor-icon-box-wrapper\">\n\n\t\t\t\t\t\t<div class=\"elementor-icon-box-icon\">\n\t\t\t\t<span  class=\"elementor-icon\">\n\t\t\t\t<i aria-hidden=\"true\" class=\"hm hm-graph\"><\/i>\t\t\t\t<\/span>\n\t\t\t<\/div>\n\t\t\t\n\t\t\t\t\t\t<div class=\"elementor-icon-box-content\">\n\n\t\t\t\t\t\t\t\t\t<h3 class=\"elementor-icon-box-title\">\n\t\t\t\t\t\t<span  >\n\t\t\t\t\t\t\tCrecimiento\t\t\t\t\t\t<\/span>\n\t\t\t\t\t<\/h3>\n\t\t\t\t\n\t\t\t\t\t\t\t\t\t<p class=\"elementor-icon-box-description\">\n\t\t\t\t\t\tCrecemos con nuestros clientes,  buscando constantemente nuevas oportunidades para expandir nuestro alcance y ofrecer soluciones innovadoras.\t\t\t\t\t<\/p>\n\t\t\t\t\n\t\t\t<\/div>\n\t\t\t\n\t\t<\/div>\n\t\t\t\t\t\t<\/div>\n\t\t\t\t<\/div>\n\t\t\t\t<div class=\"elementor-element elementor-element-85596d2 elementor-widget__width-inherit elementor-view-default elementor-position-block-start elementor-mobile-position-block-start elementor-widget elementor-widget-icon-box\" data-id=\"85596d2\" data-element_type=\"widget\" data-e-type=\"widget\" data-widget_type=\"icon-box.default\">\n\t\t\t\t<div class=\"elementor-widget-container\">\n\t\t\t\t\t\t\t<div class=\"elementor-icon-box-wrapper\">\n\n\t\t\t\t\t\t<div class=\"elementor-icon-box-icon\">\n\t\t\t\t<span  class=\"elementor-icon\">\n\t\t\t\t<i aria-hidden=\"true\" class=\"hm hm-review\"><\/i>\t\t\t\t<\/span>\n\t\t\t<\/div>\n\t\t\t\n\t\t\t\t\t\t<div class=\"elementor-icon-box-content\">\n\n\t\t\t\t\t\t\t\t\t<h3 class=\"elementor-icon-box-title\">\n\t\t\t\t\t\t<span  >\n\t\t\t\t\t\t\tOrientaci\u00f3n al Cliente\t\t\t\t\t\t<\/span>\n\t\t\t\t\t<\/h3>\n\t\t\t\t\n\t\t\t\t\t\t\t\t\t<p class=\"elementor-icon-box-description\">\n\t\t\t\t\t\tNuestros clientes son nuestra prioridad, nos enfocamos en brindarles soluciones personalizadas que superen sus expectativas.\t\t\t\t\t<\/p>\n\t\t\t\t\n\t\t\t<\/div>\n\t\t\t\n\t\t<\/div>\n\t\t\t\t\t\t<\/div>\n\t\t\t\t<\/div>\n\t\t\t\t<div class=\"elementor-element elementor-element-92ba09b elementor-widget__width-inherit elementor-view-default elementor-position-block-start elementor-mobile-position-block-start elementor-widget elementor-widget-icon-box\" data-id=\"92ba09b\" data-element_type=\"widget\" data-e-type=\"widget\" data-widget_type=\"icon-box.default\">\n\t\t\t\t<div class=\"elementor-widget-container\">\n\t\t\t\t\t\t\t<div class=\"elementor-icon-box-wrapper\">\n\n\t\t\t\t\t\t<div class=\"elementor-icon-box-icon\">\n\t\t\t\t<span  class=\"elementor-icon\">\n\t\t\t\t<i aria-hidden=\"true\" class=\"hm hm-heart\"><\/i>\t\t\t\t<\/span>\n\t\t\t<\/div>\n\t\t\t\n\t\t\t\t\t\t<div class=\"elementor-icon-box-content\">\n\n\t\t\t\t\t\t\t\t\t<h3 class=\"elementor-icon-box-title\">\n\t\t\t\t\t\t<span  >\n\t\t\t\t\t\t\tPasi\u00f3n\t\t\t\t\t\t<\/span>\n\t\t\t\t\t<\/h3>\n\t\t\t\t\n\t\t\t\t\t\t\t\t\t<p class=\"elementor-icon-box-description\">\n\t\t\t\t\t\tNuestro trabajo nos apasiona,  nos impulsa a dar lo mejor de nosotros para lograr el \u00e9xito.\t\t\t\t\t<\/p>\n\t\t\t\t\n\t\t\t<\/div>\n\t\t\t\n\t\t<\/div>\n\t\t\t\t\t\t<\/div>\n\t\t\t\t<\/div>\n\t\t\t\t\t<\/div>\n\t\t\t\t<\/div>\n\t\t\t\t\t<\/div>\n\t\t\t\t<\/div>\n\t\t\t\t<\/div>\n\t\t\t\t\t<\/div>\n\t\t\t\t<\/div>\n\t\t\t\t<\/div>","protected":false},"excerpt":{"rendered":"<p>Un Equipo Impulsado por la Innovaci\u00f3n en el Vending y la Pasi\u00f3n por la Tecnolog\u00eda Conozca al equipo que est\u00e1 cambiando el Vending veOS es el resultado de la visi\u00f3n y el trabajo incansable de un equipo humano comprometido con la innovaci\u00f3n en el vending, so\u00f1ando con transformar esta industria del Vending en un canal [&hellip;]<\/p>\n","protected":false},"author":1,"featured_media":0,"parent":0,"menu_order":0,"comment_status":"closed","ping_status":"closed","template":"","meta":{"footnotes":""},"class_list":["post-14","page","type-page","status-publish","hentry"],"yoast_head":"<!-- This site is optimized with the Yoast SEO plugin v27.5 - https:\/\/yoast.com\/product\/yoast-seo-wordpress\/ -->\n<title>Innovaci\u00f3n en el Vending: El Compromiso de veOS<\/title>\n<meta name=\"description\" content=\"Descubre c\u00f3mo veOS lidera la innovaci\u00f3n en el vending con tecnolog\u00eda avanzada y soluciones para modernizar el retail desatendido.\" \/>\n<meta name=\"robots\" content=\"index, follow, max-snippet:-1, max-image-preview:large, max-video-preview:-1\" \/>\n<link rel=\"canonical\" href=\"http:\/\/veosvending.com\/en\/innovacion-en-el-vending\/\" \/>\n<meta property=\"og:locale\" content=\"en_US\" \/>\n<meta property=\"og:type\" content=\"article\" \/>\n<meta property=\"og:title\" content=\"Innovaci\u00f3n en el Vending: El Compromiso de veOS\" \/>\n<meta property=\"og:description\" content=\"Descubre c\u00f3mo veOS lidera la innovaci\u00f3n en el vending con tecnolog\u00eda avanzada y soluciones para modernizar el retail desatendido.\" \/>\n<meta property=\"og:url\" content=\"http:\/\/veosvending.com\/en\/innovacion-en-el-vending\/\" \/>\n<meta property=\"og:site_name\" content=\"veOS\" \/>\n<meta property=\"article:modified_time\" content=\"2025-07-30T15:53:17+00:00\" \/>\n<meta property=\"og:image\" content=\"http:\/\/veosvending.com\/wp-content\/uploads\/2025\/07\/equipo_veos_2025_julio-1024x857.png\" \/>\n<meta name=\"twitter:card\" content=\"summary_large_image\" \/>\n<meta name=\"twitter:label1\" content=\"Est. reading time\" \/>\n\t<meta name=\"twitter:data1\" content=\"2 minutes\" \/>\n<script type=\"application\/ld+json\" class=\"yoast-schema-graph\">{\"@context\":\"https:\\\/\\\/schema.org\",\"@graph\":[{\"@type\":\"WebPage\",\"@id\":\"http:\\\/\\\/veosvending.com\\\/innovacion-en-el-vending\\\/\",\"url\":\"http:\\\/\\\/veosvending.com\\\/innovacion-en-el-vending\\\/\",\"name\":\"Innovaci\u00f3n en el Vending: El Compromiso de veOS\",\"isPartOf\":{\"@id\":\"http:\\\/\\\/veosvending.com\\\/#website\"},\"primaryImageOfPage\":{\"@id\":\"http:\\\/\\\/veosvending.com\\\/innovacion-en-el-vending\\\/#primaryimage\"},\"image\":{\"@id\":\"http:\\\/\\\/veosvending.com\\\/innovacion-en-el-vending\\\/#primaryimage\"},\"thumbnailUrl\":\"http:\\\/\\\/veosvending.com\\\/wp-content\\\/uploads\\\/2025\\\/07\\\/equipo_veos_2025_julio-1024x857.png\",\"datePublished\":\"2024-05-16T23:07:26+00:00\",\"dateModified\":\"2025-07-30T15:53:17+00:00\",\"description\":\"Descubre c\u00f3mo veOS lidera la innovaci\u00f3n en el vending con tecnolog\u00eda avanzada y soluciones para modernizar el retail desatendido.\",\"breadcrumb\":{\"@id\":\"http:\\\/\\\/veosvending.com\\\/innovacion-en-el-vending\\\/#breadcrumb\"},\"inLanguage\":\"en-US\",\"potentialAction\":[{\"@type\":\"ReadAction\",\"target\":[\"http:\\\/\\\/veosvending.com\\\/innovacion-en-el-vending\\\/\"]}]},{\"@type\":\"ImageObject\",\"inLanguage\":\"en-US\",\"@id\":\"http:\\\/\\\/veosvending.com\\\/innovacion-en-el-vending\\\/#primaryimage\",\"url\":\"http:\\\/\\\/veosvending.com\\\/wp-content\\\/uploads\\\/2025\\\/07\\\/equipo_veos_2025_julio-1024x857.png\",\"contentUrl\":\"http:\\\/\\\/veosvending.com\\\/wp-content\\\/uploads\\\/2025\\\/07\\\/equipo_veos_2025_julio-1024x857.png\"},{\"@type\":\"BreadcrumbList\",\"@id\":\"http:\\\/\\\/veosvending.com\\\/innovacion-en-el-vending\\\/#breadcrumb\",\"itemListElement\":[{\"@type\":\"ListItem\",\"position\":1,\"name\":\"Inicio\",\"item\":\"http:\\\/\\\/veosvending.com\\\/\"},{\"@type\":\"ListItem\",\"position\":2,\"name\":\"Nosotros\"}]},{\"@type\":\"WebSite\",\"@id\":\"http:\\\/\\\/veosvending.com\\\/#website\",\"url\":\"http:\\\/\\\/veosvending.com\\\/\",\"name\":\"veOS\",\"description\":\"\",\"publisher\":{\"@id\":\"http:\\\/\\\/veosvending.com\\\/#organization\"},\"alternateName\":\"veOS Smart Vending\",\"potentialAction\":[{\"@type\":\"SearchAction\",\"target\":{\"@type\":\"EntryPoint\",\"urlTemplate\":\"http:\\\/\\\/veosvending.com\\\/?s={search_term_string}\"},\"query-input\":{\"@type\":\"PropertyValueSpecification\",\"valueRequired\":true,\"valueName\":\"search_term_string\"}}],\"inLanguage\":\"en-US\"},{\"@type\":\"Organization\",\"@id\":\"http:\\\/\\\/veosvending.com\\\/#organization\",\"name\":\"veOS Smart Vending\",\"url\":\"http:\\\/\\\/veosvending.com\\\/\",\"logo\":{\"@type\":\"ImageObject\",\"inLanguage\":\"en-US\",\"@id\":\"http:\\\/\\\/veosvending.com\\\/#\\\/schema\\\/logo\\\/image\\\/\",\"url\":\"https:\\\/\\\/veosvending.com\\\/wp-content\\\/uploads\\\/2024\\\/05\\\/Veos-final.png\",\"contentUrl\":\"https:\\\/\\\/veosvending.com\\\/wp-content\\\/uploads\\\/2024\\\/05\\\/Veos-final.png\",\"width\":600,\"height\":600,\"caption\":\"veOS Smart Vending\"},\"image\":{\"@id\":\"http:\\\/\\\/veosvending.com\\\/#\\\/schema\\\/logo\\\/image\\\/\"},\"sameAs\":[\"https:\\\/\\\/www.instagram.com\\\/veossmartvending\\\/\",\"https:\\\/\\\/www.linkedin.com\\\/company\\\/veos-technology\\\/\"]}]}<\/script>\n<!-- \/ Yoast SEO plugin. -->","yoast_head_json":{"title":"Innovaci\u00f3n en el Vending: El Compromiso de veOS","description":"Descubre c\u00f3mo veOS lidera la innovaci\u00f3n en el vending con tecnolog\u00eda avanzada y soluciones para modernizar el retail desatendido.","robots":{"index":"index","follow":"follow","max-snippet":"max-snippet:-1","max-image-preview":"max-image-preview:large","max-video-preview":"max-video-preview:-1"},"canonical":"http:\/\/veosvending.com\/en\/innovacion-en-el-vending\/","og_locale":"en_US","og_type":"article","og_title":"Innovaci\u00f3n en el Vending: El Compromiso de veOS","og_description":"Descubre c\u00f3mo veOS lidera la innovaci\u00f3n en el vending con tecnolog\u00eda avanzada y soluciones para modernizar el retail desatendido.","og_url":"http:\/\/veosvending.com\/en\/innovacion-en-el-vending\/","og_site_name":"veOS","article_modified_time":"2025-07-30T15:53:17+00:00","og_image":[{"url":"http:\/\/veosvending.com\/wp-content\/uploads\/2025\/07\/equipo_veos_2025_julio-1024x857.png","type":"","width":"","height":""}],"twitter_card":"summary_large_image","twitter_misc":{"Est. reading time":"2 minutes"},"schema":{"@context":"https:\/\/schema.org","@graph":[{"@type":"WebPage","@id":"http:\/\/veosvending.com\/innovacion-en-el-vending\/","url":"http:\/\/veosvending.com\/innovacion-en-el-vending\/","name":"Innovaci\u00f3n en el Vending: El Compromiso de veOS","isPartOf":{"@id":"http:\/\/veosvending.com\/#website"},"primaryImageOfPage":{"@id":"http:\/\/veosvending.com\/innovacion-en-el-vending\/#primaryimage"},"image":{"@id":"http:\/\/veosvending.com\/innovacion-en-el-vending\/#primaryimage"},"thumbnailUrl":"http:\/\/veosvending.com\/wp-content\/uploads\/2025\/07\/equipo_veos_2025_julio-1024x857.png","datePublished":"2024-05-16T23:07:26+00:00","dateModified":"2025-07-30T15:53:17+00:00","description":"Descubre c\u00f3mo veOS lidera la innovaci\u00f3n en el vending con tecnolog\u00eda avanzada y soluciones para modernizar el retail desatendido.","breadcrumb":{"@id":"http:\/\/veosvending.com\/innovacion-en-el-vending\/#breadcrumb"},"inLanguage":"en-US","potentialAction":[{"@type":"ReadAction","target":["http:\/\/veosvending.com\/innovacion-en-el-vending\/"]}]},{"@type":"ImageObject","inLanguage":"en-US","@id":"http:\/\/veosvending.com\/innovacion-en-el-vending\/#primaryimage","url":"http:\/\/veosvending.com\/wp-content\/uploads\/2025\/07\/equipo_veos_2025_julio-1024x857.png","contentUrl":"http:\/\/veosvending.com\/wp-content\/uploads\/2025\/07\/equipo_veos_2025_julio-1024x857.png"},{"@type":"BreadcrumbList","@id":"http:\/\/veosvending.com\/innovacion-en-el-vending\/#breadcrumb","itemListElement":[{"@type":"ListItem","position":1,"name":"Inicio","item":"http:\/\/veosvending.com\/"},{"@type":"ListItem","position":2,"name":"Nosotros"}]},{"@type":"WebSite","@id":"http:\/\/veosvending.com\/#website","url":"http:\/\/veosvending.com\/","name":"veOS","description":"","publisher":{"@id":"http:\/\/veosvending.com\/#organization"},"alternateName":"veOS Smart Vending","potentialAction":[{"@type":"SearchAction","target":{"@type":"EntryPoint","urlTemplate":"http:\/\/veosvending.com\/?s={search_term_string}"},"query-input":{"@type":"PropertyValueSpecification","valueRequired":true,"valueName":"search_term_string"}}],"inLanguage":"en-US"},{"@type":"Organization","@id":"http:\/\/veosvending.com\/#organization","name":"veOS Smart Vending","url":"http:\/\/veosvending.com\/","logo":{"@type":"ImageObject","inLanguage":"en-US","@id":"http:\/\/veosvending.com\/#\/schema\/logo\/image\/","url":"https:\/\/veosvending.com\/wp-content\/uploads\/2024\/05\/Veos-final.png","contentUrl":"https:\/\/veosvending.com\/wp-content\/uploads\/2024\/05\/Veos-final.png","width":600,"height":600,"caption":"veOS Smart Vending"},"image":{"@id":"http:\/\/veosvending.com\/#\/schema\/logo\/image\/"},"sameAs":["https:\/\/www.instagram.com\/veossmartvending\/","https:\/\/www.linkedin.com\/company\/veos-technology\/"]}]}},"_links":{"self":[{"href":"https:\/\/veosvending.com\/en\/wp-json\/wp\/v2\/pages\/14","targetHints":{"allow":["GET"]}}],"collection":[{"href":"https:\/\/veosvending.com\/en\/wp-json\/wp\/v2\/pages"}],"about":[{"href":"https:\/\/veosvending.com\/en\/wp-json\/wp\/v2\/types\/page"}],"author":[{"embeddable":true,"href":"https:\/\/veosvending.com\/en\/wp-json\/wp\/v2\/users\/1"}],"replies":[{"embeddable":true,"href":"https:\/\/veosvending.com\/en\/wp-json\/wp\/v2\/comments?post=14"}],"version-history":[{"count":169,"href":"https:\/\/veosvending.com\/en\/wp-json\/wp\/v2\/pages\/14\/revisions"}],"predecessor-version":[{"id":2890,"href":"https:\/\/veosvending.com\/en\/wp-json\/wp\/v2\/pages\/14\/revisions\/2890"}],"wp:attachment":[{"href":"https:\/\/veosvending.com\/en\/wp-json\/wp\/v2\/media?parent=14"}],"curies":[{"name":"wp","href":"https:\/\/api.w.org\/{rel}","templated":true}]}}