{"id":18,"date":"2024-05-16T23:08:11","date_gmt":"2024-05-16T23:08:11","guid":{"rendered":"http:\/\/veos.local\/?page_id=18"},"modified":"2024-12-05T15:49:19","modified_gmt":"2024-12-05T15:49:19","slug":"pqr-vending-inteligente","status":"publish","type":"page","link":"https:\/\/veosvending.com\/en\/pqr-vending-inteligente\/","title":{"rendered":"PQR"},"content":{"rendered":"<div data-elementor-type=\"wp-page\" data-elementor-id=\"18\" class=\"elementor elementor-18\" data-elementor-settings=\"{&quot;ha_cmc_init_switcher&quot;:&quot;no&quot;}\">\n\t\t\t\t<div class=\"elementor-element elementor-element-9ec1382 e-flex e-con-boxed e-con e-parent\" data-id=\"9ec1382\" data-element_type=\"container\" data-e-type=\"container\" data-settings=\"{&quot;background_background&quot;:&quot;classic&quot;}\">\n\t\t\t\t\t<div class=\"e-con-inner\">\n\t\t\t\t\t<\/div>\n\t\t\t\t<\/div>\n\t\t<div class=\"elementor-element elementor-element-2f78238 e-flex e-con-boxed e-con e-parent\" data-id=\"2f78238\" data-element_type=\"container\" data-e-type=\"container\">\n\t\t\t\t\t<div class=\"e-con-inner\">\n\t\t\t\t<div class=\"elementor-element elementor-element-74961ed elementor-widget elementor-widget-helpie-faq\" data-id=\"74961ed\" data-element_type=\"widget\" data-e-type=\"widget\" data-widget_type=\"helpie-faq.default\">\n\t\t\t\t<div class=\"elementor-widget-container\">\n\t\t\t\t\t<section id='' \n                class='helpie-faq accordions faq-toggle open-first' \n                data-collection='' \n                data-pagination='0' \n                data-search='0' \n                data-pagination-enabled='0'\n                role='region'\n                aria-label='FAQ Section'\n                aria-live='polite'><form class=\"search\" onsubmit=\"return false;\" action=\"\"><div class=\"search__wrapper\"><input type=\"text\" class=\"search__input\" aria-label=\"Search\" role=\"searchbox\" placeholder=\"Busca respuestas a tus dudas\"><span class=\"search__icon\"><svg class=\"svg-icon--search\" role=\"img\" xmlns=\"http:\/\/www.w3.org\/2000\/svg\" viewbox=\"0 0 22 22\">\r\n                        <g fill=\"none\" stroke=\"#171717\">\r\n                            <path stroke-linecap=\"square\" stroke-width=\"2\" d=\"M18.5 18.3l-5.4-5.4\"\/>\r\n                            <circle cx=\"8\" cy=\"8\" r=\"7\" stroke-width=\"2\"\/>\r\n                        <\/g>\r\n                    <\/svg><\/span><\/div><div class=\"search__message\"><\/div><input type=\"hidden\" name=\"trp-form-language\" value=\"en\"\/><\/form><article class=\"accordion\"><div class='helpie-faq-row'><div class='helpie-faq-col helpie-faq-col-12' ><ul><li class=\"accordion__item\"><div class=\"accordion__header\" \r\n                id=\"accordion-header-post-1827\"\r\n                role=\"button\"\r\n                aria-expanded=\"false\"\r\n                aria-controls=\"accordion-content-post-1827\"\r\n                data-id=\"post-1827\" \r\n                data-item=\"\" \r\n                style=\"background:transparent;\" \r\n                data-tags=\"\"\r\n                tabindex=\"0\"><div class=\"accordion__title\">\u00bfQu\u00e9 tipo de redes soporta?<\/div><\/div><div id=\"accordion-content-post-1827\" \r\n                class=\"accordion__body\" \r\n                role=\"region\"\r\n                aria-labelledby=\"accordion-header-post-1827\"\r\n                style=\"background:transparent;\">El dispositivo se instala de forma similar a un monedero o billetero MDB, el kit incluye un cable MDB para facilitar la interconexi\u00f3n. Cuando es cliente nuevo el servicio de instalaci\u00f3n es obligatorio. Para los siguientes dispositivos el servicio de instalaci\u00f3n es opcional. Solic\u00edtala si es necesaria.<\/div><\/li><li class=\"accordion__item\"><div class=\"accordion__header\" \r\n                id=\"accordion-header-post-1825\"\r\n                role=\"button\"\r\n                aria-expanded=\"false\"\r\n                aria-controls=\"accordion-content-post-1825\"\r\n                data-id=\"post-1825\" \r\n                data-item=\"\" \r\n                style=\"background:transparent;\" \r\n                data-tags=\"\"\r\n                tabindex=\"0\"><div class=\"accordion__title\">\u00bfQu\u00e9 quiere decir SmartVending?<\/div><\/div><div id=\"accordion-content-post-1825\" \r\n                class=\"accordion__body\" \r\n                role=\"region\"\r\n                aria-labelledby=\"accordion-header-post-1825\"\r\n                style=\"background:transparent;\">Smart Vending representa nuestra visi\u00f3n de vending inteligente: m\u00e1quinas vers\u00e1tiles, capaces no solo de vender productos, sino de ofrecer soporte avanzado y soluciones integrales. Deben ser maquinas capaces no solo de vender un producto, sino tambi\u00e9n de permitir dar soporte o soluciones al cliente en caso de un problema con la venta, en la industria es normal escuchar a los clientes referirse a las vending como \u201clas maquinas que roban\u201d, porque en muchos casos esa es la percepci\u00f3n que ellos tienen ya que los mecanismos de soporte de los operadores dependen en gran medida de una asistencia humana en sitio que muchas veces no esta disponible, lo que contrasta con la expectativa de las vending que son maquinas dispensadoras autom\u00e1ticas 7 x 24. Nuestra visi\u00f3n es que se necesita mejorar la interacci\u00f3n con el cliente, y no solo por medio de la venta ni del soporte, sino tambi\u00e9n por medio de la integraci\u00f3n de otras necesidades de la industria como el marketing digital, la comercializaci\u00f3n de no solo productos sino tambi\u00e9n de servicios por medio de las maquinas, para que los sitios les vean mayores valores agregados y no quieran retirar a un operador tan f\u00e1cilmente, e integrar otras necesidades comunes como video c\u00e1mara y sistemas de pago sin efectivo en tiempo real que se beneficien de una plataforma conectada al internet para un mejor tiempo de respuesta, servicio y oportunidades de negocio para el operador vending.<\/div><\/li><li class=\"accordion__item\"><div class=\"accordion__header\" \r\n                id=\"accordion-header-post-1831\"\r\n                role=\"button\"\r\n                aria-expanded=\"false\"\r\n                aria-controls=\"accordion-content-post-1831\"\r\n                data-id=\"post-1831\" \r\n                data-item=\"\" \r\n                style=\"background:transparent;\" \r\n                data-tags=\"\"\r\n                tabindex=\"0\"><div class=\"accordion__title\">\u00bfQu\u00e9 deberes tengo como usuario \/ administrador del sistema?<\/div><\/div><div id=\"accordion-content-post-1831\" \r\n                class=\"accordion__body\" \r\n                role=\"region\"\r\n                aria-labelledby=\"accordion-header-post-1831\"\r\n                style=\"background:transparent;\"><ol>\r\n \t<li>veOS Cloud es plataforma de autogesti\u00f3n por ende debe tener control sobre sus usuarios y contrase\u00f1as.<\/li>\r\n \t<li>Entre tanto nosotros realicemos un esfuerzo constante y razonable para asegurar la integridad y seguridad del servicio, no garantizamos que el sistema vaya a estar libre de usuarios no autorizados o hackers y estaremos sin responsabilidad para casos en que el sistema no recepcione o se pierda informaci\u00f3n o por cualquier fallo.<\/li>\r\n \t<li>El sistema corre en un una infraestructura CLOUD. Se cuenta con alta disponibilidad de cluster nivel 3. Se realizan copias de seguridad diarias con retenci\u00f3n de 30 d\u00edas. Para el paquete cashless o que haya consumo subsidiado, se recomienda al cliente descargar copias de seguridad seg\u00fan el mecanismo habilitado en el portal. Las copias de seguridad son\r\ncompletamente de responsabilidad del cliente.<\/li>\r\n<\/ol><\/div><\/li><li class=\"accordion__item\"><div class=\"accordion__header\" \r\n                id=\"accordion-header-post-1826\"\r\n                role=\"button\"\r\n                aria-expanded=\"false\"\r\n                aria-controls=\"accordion-content-post-1826\"\r\n                data-id=\"post-1826\" \r\n                data-item=\"\" \r\n                style=\"background:transparent;\" \r\n                data-tags=\"\"\r\n                tabindex=\"0\"><div class=\"accordion__title\">\u00bfNecesito un t\u00e9cnico para instalar el dispositivo en la maquina?<\/div><\/div><div id=\"accordion-content-post-1826\" \r\n                class=\"accordion__body\" \r\n                role=\"region\"\r\n                aria-labelledby=\"accordion-header-post-1826\"\r\n                style=\"background:transparent;\">El dispositivo se instala de forma similar a un monedero o billetero MDB, el kit incluye un cable MDB para facilitar la interconexi\u00f3n. Cuando es cliente nuevo el servicio de instalaci\u00f3n es obligatorio. Para los siguientes dispositivos el servicio de instalaci\u00f3n es opcional. Solicitala si es necesaria.<\/div><\/li><li class=\"accordion__item\"><div class=\"accordion__header\" \r\n                id=\"accordion-header-post-1828\"\r\n                role=\"button\"\r\n                aria-expanded=\"false\"\r\n                aria-controls=\"accordion-content-post-1828\"\r\n                data-id=\"post-1828\" \r\n                data-item=\"\" \r\n                style=\"background:transparent;\" \r\n                data-tags=\"\"\r\n                tabindex=\"0\"><div class=\"accordion__title\">\u00bfNecesito un t\u00e9cnico para configurar el internet en el dispositivo?<\/div><\/div><div id=\"accordion-content-post-1828\" \r\n                class=\"accordion__body\" \r\n                role=\"region\"\r\n                aria-labelledby=\"accordion-header-post-1828\"\r\n                style=\"background:transparent;\">Para realizar la configuraci\u00f3n inicial del dispositivo y que se conecte a internet, debes usar la app de veOS de configuraci\u00f3n compatible con celulares Android, la cual se comunica v\u00eda bluetooth entre el celular y el dispositivo para permitir realizar la configuraci\u00f3n inicial. Durante la capacitaci\u00f3n de veOS se te explica como se hace, tambi\u00e9n puedes llamar a soporte para solicitar orientaci\u00f3n.<\/div><\/li><li class=\"accordion__item\"><div class=\"accordion__header\" \r\n                id=\"accordion-header-post-1841\"\r\n                role=\"button\"\r\n                aria-expanded=\"false\"\r\n                aria-controls=\"accordion-content-post-1841\"\r\n                data-id=\"post-1841\" \r\n                data-item=\"\" \r\n                style=\"background:transparent;\" \r\n                data-tags=\"\"\r\n                tabindex=\"0\"><div class=\"accordion__title\">\u00bfEn d\u00f3nde se instala el dispositivo veOS?<\/div><\/div><div id=\"accordion-content-post-1841\" \r\n                class=\"accordion__body\" \r\n                role=\"region\"\r\n                aria-labelledby=\"accordion-header-post-1841\"\r\n                style=\"background:transparent;\">El dispositivo (uno por m\u00e1quina)\u00a0 se instala al interior de la m\u00e1quina vending.\r\n\r\n\u00a0<\/div><\/li><li class=\"accordion__item\"><div class=\"accordion__header\" \r\n                id=\"accordion-header-post-1832\"\r\n                role=\"button\"\r\n                aria-expanded=\"false\"\r\n                aria-controls=\"accordion-content-post-1832\"\r\n                data-id=\"post-1832\" \r\n                data-item=\"\" \r\n                style=\"background:transparent;\" \r\n                data-tags=\"\"\r\n                tabindex=\"0\"><div class=\"accordion__title\">\u00bfCu\u00e1les son los niveles de servicio que propende el servicio?<\/div><\/div><div id=\"accordion-content-post-1832\" \r\n                class=\"accordion__body\" \r\n                role=\"region\"\r\n                aria-labelledby=\"accordion-header-post-1832\"\r\n                style=\"background:transparent;\"><ul>\r\n \t<li>El servicio es 7 x 24, a menos que se presenten ventanas de mantenimiento o ventanas de emergencia las cuales se comunicaran seg\u00fan el caso.<\/li>\r\n \t<li>Se cuenta con canal de soporte v\u00eda telef\u00f3nica, whatsapp y email.<\/li>\r\n<\/ul><\/div><\/li><li class=\"accordion__item\"><div class=\"accordion__header\" \r\n                id=\"accordion-header-post-1830\"\r\n                role=\"button\"\r\n                aria-expanded=\"false\"\r\n                aria-controls=\"accordion-content-post-1830\"\r\n                data-id=\"post-1830\" \r\n                data-item=\"\" \r\n                style=\"background:transparent;\" \r\n                data-tags=\"\"\r\n                tabindex=\"0\"><div class=\"accordion__title\">\u00bfCu\u00e1l es el tiempo de de entrega de los dispositivos?<\/div><\/div><div id=\"accordion-content-post-1830\" \r\n                class=\"accordion__body\" \r\n                role=\"region\"\r\n                aria-labelledby=\"accordion-header-post-1830\"\r\n                style=\"background:transparent;\">Para asegurar que adoptes nuestras soluciones de vending inteligente sin demoras, los tiempos de entrega se confirman durante la cotizaci\u00f3n, pero los tiempos de entrega pueden oscilar entre 8 a 10 d\u00edas seg\u00fan unidades en inventario y configuraci\u00f3n solicitada por el cliente.<\/div><\/li><li class=\"accordion__item\"><div class=\"accordion__header\" \r\n                id=\"accordion-header-post-1829\"\r\n                role=\"button\"\r\n                aria-expanded=\"false\"\r\n                aria-controls=\"accordion-content-post-1829\"\r\n                data-id=\"post-1829\" \r\n                data-item=\"\" \r\n                style=\"background:transparent;\" \r\n                data-tags=\"\"\r\n                tabindex=\"0\"><div class=\"accordion__title\">\u00bfCon qu\u00e9 maquinas vending es compatible el sistema?<\/div><\/div><div id=\"accordion-content-post-1829\" \r\n                class=\"accordion__body\" \r\n                role=\"region\"\r\n                aria-labelledby=\"accordion-header-post-1829\"\r\n                style=\"background:transparent;\">Nuestro sistema de vending inteligente es compatible con m\u00e1quinas vending que soporten el protocolo MDB y puertos DEX. Constantemente hacemos validaciones de m\u00e1s modelos y fabricantes para evaluar su compatibilidad. Escr\u00edbenos para confirmar la compatibilidad de tus m\u00e1quinas al<a href=\"mailto:info@veosvending.com\"> info@veosvending.com<\/a><\/div><\/li><li class=\"accordion__item\"><div class=\"accordion__header\" \r\n                id=\"accordion-header-post-1843\"\r\n                role=\"button\"\r\n                aria-expanded=\"false\"\r\n                aria-controls=\"accordion-content-post-1843\"\r\n                data-id=\"post-1843\" \r\n                data-item=\"\" \r\n                style=\"background:transparent;\" \r\n                data-tags=\"\"\r\n                tabindex=\"0\"><div class=\"accordion__title\">\u00bfC\u00f3mo se maneja el servicio de veOS Cloud?<\/div><\/div><div id=\"accordion-content-post-1843\" \r\n                class=\"accordion__body\" \r\n                role=\"region\"\r\n                aria-labelledby=\"accordion-header-post-1843\"\r\n                style=\"background:transparent;\">Se debe seleccionar el paquete m\u00e1s id\u00f3neo que se ajuste a tus necesidades.\u00a0 Escr\u00edbenos para ayudarte a escoger el paquete perfecto para tu operaci\u00f3n\u00a0 <a href=\"mailto:info@veosvending.com\">\u00a0info@veosvending.com.<\/a><\/div><\/li><\/ul><\/div><\/div><\/article><\/section>\t\t\t\t<\/div>\n\t\t\t\t<\/div>\n\t\t\t\t\t<\/div>\n\t\t\t\t<\/div>\n\t\t\t\t<\/div>","protected":false},"excerpt":{"rendered":"<p>\u00bfQu\u00e9 tipo de redes soporta?El dispositivo se instala de forma similar a un monedero o billetero MDB, el kit incluye un cable MDB para facilitar la interconexi\u00f3n. Cuando es cliente nuevo el servicio de instalaci\u00f3n es obligatorio. Para los siguientes dispositivos el servicio de instalaci\u00f3n es opcional. Solic\u00edtala si es necesaria. \u00bfQu\u00e9 quiere decir SmartVending?Smart [&hellip;]<\/p>\n","protected":false},"author":1,"featured_media":0,"parent":0,"menu_order":0,"comment_status":"closed","ping_status":"closed","template":"","meta":{"footnotes":""},"class_list":["post-18","page","type-page","status-publish","hentry"],"yoast_head":"<!-- This site is optimized with the Yoast SEO plugin v27.5 - https:\/\/yoast.com\/product\/yoast-seo-wordpress\/ -->\n<title>Preguntas Frecuentes sobre Vending Inteligente con veOS<\/title>\n<meta name=\"description\" content=\"Resuelve tus preguntas frecuentes sobre soluciones de Vending Inteligente como instalaci\u00f3n, compatibilidad y configuraci\u00f3n. \u00a1Conoce m\u00e1s aqu\u00ed!\" \/>\n<meta name=\"robots\" content=\"index, follow, max-snippet:-1, max-image-preview:large, max-video-preview:-1\" \/>\n<link rel=\"canonical\" href=\"https:\/\/veosvending.com\/en\/pqr-vending-inteligente\/\" \/>\n<meta property=\"og:locale\" content=\"en_US\" \/>\n<meta property=\"og:type\" content=\"article\" \/>\n<meta property=\"og:title\" content=\"Preguntas Frecuentes sobre Vending Inteligente con veOS\" \/>\n<meta property=\"og:description\" content=\"Resuelve tus preguntas frecuentes sobre soluciones de Vending Inteligente como instalaci\u00f3n, compatibilidad y configuraci\u00f3n. \u00a1Conoce m\u00e1s aqu\u00ed!\" \/>\n<meta property=\"og:url\" content=\"https:\/\/veosvending.com\/en\/pqr-vending-inteligente\/\" \/>\n<meta property=\"og:site_name\" content=\"veOS\" \/>\n<meta property=\"article:modified_time\" content=\"2024-12-05T15:49:19+00:00\" \/>\n<meta property=\"og:image\" content=\"https:\/\/veosvending.com\/wp-content\/uploads\/2024\/05\/Veos-final.png\" \/>\n\t<meta property=\"og:image:width\" content=\"600\" \/>\n\t<meta property=\"og:image:height\" content=\"600\" \/>\n\t<meta property=\"og:image:type\" content=\"image\/png\" \/>\n<meta name=\"twitter:card\" content=\"summary_large_image\" \/>\n<meta name=\"twitter:label1\" content=\"Est. reading time\" \/>\n\t<meta name=\"twitter:data1\" content=\"4 minutes\" \/>\n<script type=\"application\/ld+json\" class=\"yoast-schema-graph\">{\"@context\":\"https:\\\/\\\/schema.org\",\"@graph\":[{\"@type\":\"WebPage\",\"@id\":\"https:\\\/\\\/veosvending.com\\\/en\\\/pqr-vending-inteligente\\\/\",\"url\":\"https:\\\/\\\/veosvending.com\\\/en\\\/pqr-vending-inteligente\\\/\",\"name\":\"Preguntas Frecuentes sobre Vending Inteligente con veOS\",\"isPartOf\":{\"@id\":\"https:\\\/\\\/veosvending.com\\\/#website\"},\"datePublished\":\"2024-05-16T23:08:11+00:00\",\"dateModified\":\"2024-12-05T15:49:19+00:00\",\"description\":\"Resuelve tus preguntas frecuentes sobre soluciones de Vending Inteligente como instalaci\u00f3n, compatibilidad y configuraci\u00f3n. \u00a1Conoce m\u00e1s aqu\u00ed!\",\"breadcrumb\":{\"@id\":\"https:\\\/\\\/veosvending.com\\\/en\\\/pqr-vending-inteligente\\\/#breadcrumb\"},\"inLanguage\":\"en-US\",\"potentialAction\":[{\"@type\":\"ReadAction\",\"target\":[\"https:\\\/\\\/veosvending.com\\\/en\\\/pqr-vending-inteligente\\\/\"]}]},{\"@type\":\"BreadcrumbList\",\"@id\":\"https:\\\/\\\/veosvending.com\\\/en\\\/pqr-vending-inteligente\\\/#breadcrumb\",\"itemListElement\":[{\"@type\":\"ListItem\",\"position\":1,\"name\":\"Inicio\",\"item\":\"https:\\\/\\\/veosvending.com\\\/\"},{\"@type\":\"ListItem\",\"position\":2,\"name\":\"PQR\"}]},{\"@type\":\"WebSite\",\"@id\":\"https:\\\/\\\/veosvending.com\\\/#website\",\"url\":\"https:\\\/\\\/veosvending.com\\\/\",\"name\":\"veOS\",\"description\":\"\",\"publisher\":{\"@id\":\"https:\\\/\\\/veosvending.com\\\/#organization\"},\"alternateName\":\"veOS Smart Vending\",\"potentialAction\":[{\"@type\":\"SearchAction\",\"target\":{\"@type\":\"EntryPoint\",\"urlTemplate\":\"https:\\\/\\\/veosvending.com\\\/?s={search_term_string}\"},\"query-input\":{\"@type\":\"PropertyValueSpecification\",\"valueRequired\":true,\"valueName\":\"search_term_string\"}}],\"inLanguage\":\"en-US\"},{\"@type\":\"Organization\",\"@id\":\"https:\\\/\\\/veosvending.com\\\/#organization\",\"name\":\"veOS Smart Vending\",\"url\":\"https:\\\/\\\/veosvending.com\\\/\",\"logo\":{\"@type\":\"ImageObject\",\"inLanguage\":\"en-US\",\"@id\":\"https:\\\/\\\/veosvending.com\\\/#\\\/schema\\\/logo\\\/image\\\/\",\"url\":\"https:\\\/\\\/veosvending.com\\\/wp-content\\\/uploads\\\/2024\\\/05\\\/Veos-final.png\",\"contentUrl\":\"https:\\\/\\\/veosvending.com\\\/wp-content\\\/uploads\\\/2024\\\/05\\\/Veos-final.png\",\"width\":600,\"height\":600,\"caption\":\"veOS Smart Vending\"},\"image\":{\"@id\":\"https:\\\/\\\/veosvending.com\\\/#\\\/schema\\\/logo\\\/image\\\/\"},\"sameAs\":[\"https:\\\/\\\/www.instagram.com\\\/veossmartvending\\\/\",\"https:\\\/\\\/www.linkedin.com\\\/company\\\/veos-technology\\\/\"]}]}<\/script>\n<!-- \/ Yoast SEO plugin. -->","yoast_head_json":{"title":"Preguntas Frecuentes sobre Vending Inteligente con veOS","description":"Resuelve tus preguntas frecuentes sobre soluciones de Vending Inteligente como instalaci\u00f3n, compatibilidad y configuraci\u00f3n. \u00a1Conoce m\u00e1s aqu\u00ed!","robots":{"index":"index","follow":"follow","max-snippet":"max-snippet:-1","max-image-preview":"max-image-preview:large","max-video-preview":"max-video-preview:-1"},"canonical":"https:\/\/veosvending.com\/en\/pqr-vending-inteligente\/","og_locale":"en_US","og_type":"article","og_title":"Preguntas Frecuentes sobre Vending Inteligente con veOS","og_description":"Resuelve tus preguntas frecuentes sobre soluciones de Vending Inteligente como instalaci\u00f3n, compatibilidad y configuraci\u00f3n. \u00a1Conoce m\u00e1s aqu\u00ed!","og_url":"https:\/\/veosvending.com\/en\/pqr-vending-inteligente\/","og_site_name":"veOS","article_modified_time":"2024-12-05T15:49:19+00:00","og_image":[{"width":600,"height":600,"url":"https:\/\/veosvending.com\/wp-content\/uploads\/2024\/05\/Veos-final.png","type":"image\/png"}],"twitter_card":"summary_large_image","twitter_misc":{"Est. reading time":"4 minutes"},"schema":{"@context":"https:\/\/schema.org","@graph":[{"@type":"WebPage","@id":"https:\/\/veosvending.com\/en\/pqr-vending-inteligente\/","url":"https:\/\/veosvending.com\/en\/pqr-vending-inteligente\/","name":"Preguntas Frecuentes sobre Vending Inteligente con veOS","isPartOf":{"@id":"https:\/\/veosvending.com\/#website"},"datePublished":"2024-05-16T23:08:11+00:00","dateModified":"2024-12-05T15:49:19+00:00","description":"Resuelve tus preguntas frecuentes sobre soluciones de Vending Inteligente como instalaci\u00f3n, compatibilidad y configuraci\u00f3n. \u00a1Conoce m\u00e1s aqu\u00ed!","breadcrumb":{"@id":"https:\/\/veosvending.com\/en\/pqr-vending-inteligente\/#breadcrumb"},"inLanguage":"en-US","potentialAction":[{"@type":"ReadAction","target":["https:\/\/veosvending.com\/en\/pqr-vending-inteligente\/"]}]},{"@type":"BreadcrumbList","@id":"https:\/\/veosvending.com\/en\/pqr-vending-inteligente\/#breadcrumb","itemListElement":[{"@type":"ListItem","position":1,"name":"Inicio","item":"https:\/\/veosvending.com\/"},{"@type":"ListItem","position":2,"name":"PQR"}]},{"@type":"WebSite","@id":"https:\/\/veosvending.com\/#website","url":"https:\/\/veosvending.com\/","name":"veOS","description":"","publisher":{"@id":"https:\/\/veosvending.com\/#organization"},"alternateName":"veOS Smart Vending","potentialAction":[{"@type":"SearchAction","target":{"@type":"EntryPoint","urlTemplate":"https:\/\/veosvending.com\/?s={search_term_string}"},"query-input":{"@type":"PropertyValueSpecification","valueRequired":true,"valueName":"search_term_string"}}],"inLanguage":"en-US"},{"@type":"Organization","@id":"https:\/\/veosvending.com\/#organization","name":"veOS Smart Vending","url":"https:\/\/veosvending.com\/","logo":{"@type":"ImageObject","inLanguage":"en-US","@id":"https:\/\/veosvending.com\/#\/schema\/logo\/image\/","url":"https:\/\/veosvending.com\/wp-content\/uploads\/2024\/05\/Veos-final.png","contentUrl":"https:\/\/veosvending.com\/wp-content\/uploads\/2024\/05\/Veos-final.png","width":600,"height":600,"caption":"veOS Smart Vending"},"image":{"@id":"https:\/\/veosvending.com\/#\/schema\/logo\/image\/"},"sameAs":["https:\/\/www.instagram.com\/veossmartvending\/","https:\/\/www.linkedin.com\/company\/veos-technology\/"]}]}},"_links":{"self":[{"href":"https:\/\/veosvending.com\/en\/wp-json\/wp\/v2\/pages\/18","targetHints":{"allow":["GET"]}}],"collection":[{"href":"https:\/\/veosvending.com\/en\/wp-json\/wp\/v2\/pages"}],"about":[{"href":"https:\/\/veosvending.com\/en\/wp-json\/wp\/v2\/types\/page"}],"author":[{"embeddable":true,"href":"https:\/\/veosvending.com\/en\/wp-json\/wp\/v2\/users\/1"}],"replies":[{"embeddable":true,"href":"https:\/\/veosvending.com\/en\/wp-json\/wp\/v2\/comments?post=18"}],"version-history":[{"count":70,"href":"https:\/\/veosvending.com\/en\/wp-json\/wp\/v2\/pages\/18\/revisions"}],"predecessor-version":[{"id":2814,"href":"https:\/\/veosvending.com\/en\/wp-json\/wp\/v2\/pages\/18\/revisions\/2814"}],"wp:attachment":[{"href":"https:\/\/veosvending.com\/en\/wp-json\/wp\/v2\/media?parent=18"}],"curies":[{"name":"wp","href":"https:\/\/api.w.org\/{rel}","templated":true}]}}