{"id":20,"date":"2024-05-16T23:08:27","date_gmt":"2024-05-16T23:08:27","guid":{"rendered":"http:\/\/veos.local\/?page_id=20"},"modified":"2024-12-20T16:51:00","modified_gmt":"2024-12-20T16:51:00","slug":"contacto-vending-inteligente","status":"publish","type":"page","link":"https:\/\/veosvending.com\/en\/contacto-vending-inteligente\/","title":{"rendered":"Contacto"},"content":{"rendered":"\t\t<div data-elementor-type=\"wp-page\" data-elementor-id=\"20\" class=\"elementor elementor-20\" data-elementor-settings=\"{&quot;ha_cmc_init_switcher&quot;:&quot;no&quot;}\">\n\t\t\t\t<div class=\"elementor-element elementor-element-eeb1694 e-con-full e-flex e-con e-parent\" data-id=\"eeb1694\" data-element_type=\"container\" data-e-type=\"container\" data-settings=\"{&quot;background_background&quot;:&quot;classic&quot;}\">\n\t\t<div class=\"elementor-element elementor-element-7f77c53 e-con-full e-flex e-con e-child\" data-id=\"7f77c53\" data-element_type=\"container\" data-e-type=\"container\" data-settings=\"{&quot;background_background&quot;:&quot;classic&quot;}\">\n\t\t\t\t<div class=\"elementor-element elementor-element-debaf74 elementor-widget elementor-widget-heading\" data-id=\"debaf74\" data-element_type=\"widget\" data-e-type=\"widget\" data-widget_type=\"heading.default\">\n\t\t\t\t<div class=\"elementor-widget-container\">\n\t\t\t\t\t<h2 class=\"elementor-heading-title elementor-size-default\">Estamos para servirte, d\u00e9janos tus datos y nos comunicaremos lo antes posible. <\/h2>\t\t\t\t<\/div>\n\t\t\t\t<\/div>\n\t\t\t\t<div class=\"elementor-element elementor-element-df141ca elementor-widget elementor-widget-heading\" data-id=\"df141ca\" data-element_type=\"widget\" data-e-type=\"widget\" data-widget_type=\"heading.default\">\n\t\t\t\t<div class=\"elementor-widget-container\">\n\t\t\t\t\t<h2 class=\"elementor-heading-title elementor-size-default\">O si lo prefieres agenda una cita.<\/h2>\t\t\t\t<\/div>\n\t\t\t\t<\/div>\n\t\t\t\t<div class=\"elementor-element elementor-element-f72fdc5 elementor-align-left elementor-widget elementor-widget-button\" data-id=\"f72fdc5\" data-element_type=\"widget\" data-e-type=\"widget\" data-widget_type=\"button.default\">\n\t\t\t\t<div class=\"elementor-widget-container\">\n\t\t\t\t\t\t\t\t\t<div class=\"elementor-button-wrapper\">\n\t\t\t\t\t<a class=\"elementor-button elementor-button-link elementor-size-sm\" href=\"https:\/\/calendar.app.google\/jQfJ9X5eoaf6jpUi9\" target=\"_blank\">\n\t\t\t\t\t\t<span class=\"elementor-button-content-wrapper\">\n\t\t\t\t\t\t\t\t\t<span class=\"elementor-button-text\">Reserva ac\u00e1<\/span>\n\t\t\t\t\t<\/span>\n\t\t\t\t\t<\/a>\n\t\t\t\t<\/div>\n\t\t\t\t\t\t\t\t<\/div>\n\t\t\t\t<\/div>\n\t\t\t\t<\/div>\n\t\t<div class=\"elementor-element elementor-element-6729ac8 e-flex e-con-boxed e-con e-child\" data-id=\"6729ac8\" data-element_type=\"container\" data-e-type=\"container\" data-settings=\"{&quot;background_background&quot;:&quot;classic&quot;}\">\n\t\t\t\t\t<div class=\"e-con-inner\">\n\t\t\t\t<div class=\"elementor-element elementor-element-1da66ba elementor-widget__width-initial elementor-widget elementor-widget-wpforms\" data-id=\"1da66ba\" data-element_type=\"widget\" data-e-type=\"widget\" data-widget_type=\"wpforms.default\">\n\t\t\t\t<div class=\"elementor-widget-container\">\n\t\t\t\t\t<style id=\"wpforms-css-vars-elementor-widget-1da66ba\">\n\t\t\t\t.elementor-widget-wpforms.elementor-element-1da66ba {\n\t\t\t\t--wpforms-field-background-color: #FFFFFF;\n--wpforms-button-background-color: #97BD14;\n\t\t\t}\n\t\t\t<\/style><div class=\"wpforms-container wpforms-container-full wpforms-render-modern\" id=\"wpforms-187\"><form id=\"wpforms-form-187\" class=\"wpforms-validate wpforms-form wpforms-ajax-form\" data-formid=\"187\" method=\"post\" enctype=\"multipart\/form-data\" action=\"\/en\/wp-json\/wp\/v2\/pages\/20\" data-token=\"3fe38572ea342aae753622cb3c7cb2ee\" data-token-time=\"1777716877\"><noscript class=\"wpforms-error-noscript\">Please enable JavaScript in your browser to complete this form.<\/noscript><div id=\"wpforms-error-noscript\" style=\"display: none;\">Please enable JavaScript in your browser to complete this form.<\/div><div class=\"wpforms-field-container\"><div id=\"wpforms-187-field_0-container\" class=\"wpforms-field wpforms-field-name\" data-field-id=\"0\"><fieldset><legend class=\"wpforms-field-label\">Nombre <span class=\"wpforms-required-label\" aria-hidden=\"true\">*<\/span><\/legend><div class=\"wpforms-field-row wpforms-field-large\"><div class=\"wpforms-field-row-block wpforms-first wpforms-one-half\"><input type=\"text\" id=\"wpforms-187-field_0\" class=\"wpforms-field-name-first wpforms-field-required\" name=\"wpforms[fields][0][first]\" placeholder=\"Nombre\" aria-errormessage=\"wpforms-187-field_0-error\" required><label for=\"wpforms-187-field_0\" class=\"wpforms-field-sublabel after wpforms-sublabel-hide\">First<\/label><\/div><div class=\"wpforms-field-row-block wpforms-one-half\"><input type=\"text\" id=\"wpforms-187-field_0-last\" class=\"wpforms-field-name-last wpforms-field-required\" name=\"wpforms[fields][0][last]\" placeholder=\"Apellido\" aria-errormessage=\"wpforms-187-field_0-last-error\" required><label for=\"wpforms-187-field_0-last\" class=\"wpforms-field-sublabel after wpforms-sublabel-hide\">Last<\/label><\/div><\/div><\/fieldset><\/div><div id=\"wpforms-187-field_3-container\" class=\"wpforms-field wpforms-field-number wpforms-one-half wpforms-first\" data-field-id=\"3\"><label class=\"wpforms-field-label\" for=\"wpforms-187-field_3\">Tel\u00e9fono <span class=\"wpforms-required-label\" aria-hidden=\"true\">*<\/span><\/label><input type=\"number\" id=\"wpforms-187-field_3\" class=\"wpforms-field-large wpforms-field-required\" name=\"wpforms[fields][3]\" step=\"any\" aria-errormessage=\"wpforms-187-field_3-error\" required><\/div><div id=\"wpforms-187-field_1-container\" class=\"wpforms-field wpforms-field-email wpforms-one-half\" data-field-id=\"1\"><label class=\"wpforms-field-label\" for=\"wpforms-187-field_1\">Correo electr\u00f3nico <span class=\"wpforms-required-label\" aria-hidden=\"true\">*<\/span><\/label><input type=\"email\" id=\"wpforms-187-field_1\" class=\"wpforms-field-large wpforms-field-required\" name=\"wpforms[fields][1]\" spellcheck=\"false\" aria-errormessage=\"wpforms-187-field_1-error\" required><\/div><div id=\"wpforms-187-field_4-container\" class=\"wpforms-field wpforms-field-textarea\" data-field-id=\"4\"><label class=\"wpforms-field-label\" for=\"wpforms-187-field_4\">Mensaje <span class=\"wpforms-required-label\" aria-hidden=\"true\">*<\/span><\/label><textarea id=\"wpforms-187-field_4\" class=\"wpforms-field-medium wpforms-field-required\" name=\"wpforms[fields][4]\" aria-errormessage=\"wpforms-187-field_4-error\" required><\/textarea><\/div><div id=\"wpforms-187-field_5-container\" class=\"wpforms-field wpforms-field-checkbox wpforms-list-inline\" data-field-id=\"5\"><fieldset><legend class=\"wpforms-field-label\">Autorizas  el tratamiento de datos personales. <span class=\"wpforms-required-label\" aria-hidden=\"true\">*<\/span><\/legend><ul id=\"wpforms-187-field_5\" class=\"wpforms-field-required\" data-choice-limit=\"1\"><li class=\"choice-1 depth-1\"><input type=\"checkbox\" id=\"wpforms-187-field_5_1\" data-rule-check-limit=\"true\" name=\"wpforms[fields][5][]\" value=\"Si\" aria-errormessage=\"wpforms-187-field_5_1-error\" aria-describedby=\"wpforms-187-field_5-description\" required ><label class=\"wpforms-field-label-inline\" for=\"wpforms-187-field_5_1\">Si<\/label><\/li><li class=\"choice-2 depth-1\"><input type=\"checkbox\" id=\"wpforms-187-field_5_2\" data-rule-check-limit=\"true\" name=\"wpforms[fields][5][]\" value=\"No\" aria-errormessage=\"wpforms-187-field_5_2-error\" aria-describedby=\"wpforms-187-field_5-description\" required ><label class=\"wpforms-field-label-inline\" for=\"wpforms-187-field_5_2\">No<\/label><\/li><\/ul><div id=\"wpforms-187-field_5-description\" class=\"wpforms-field-description\">Consulta nuestra <a href=\"http:\/\/veosvending.com\/politica-privacidad-datos-veos\/\">Pol\u00edtica de Privacidad y\r\nTratamiento de Datos Personales<\/a>  <\/div><\/fieldset><\/div><\/div><!-- .wpforms-field-container --><div class=\"wpforms-submit-container\" ><input type=\"hidden\" name=\"wpforms[id]\" value=\"187\"><input type=\"hidden\" name=\"page_title\" value=\"\"><input type=\"hidden\" name=\"page_url\" value=\"https:\/\/veosvending.com\/en\/wp-json\/wp\/v2\/pages\/20\"><input type=\"hidden\" name=\"url_referer\" value=\"\"><button type=\"submit\" name=\"wpforms[submit]\" id=\"wpforms-submit-187\" class=\"wpforms-submit\" data-alt-text=\"Enviando...\" data-submit-text=\"Enviar\" aria-live=\"assertive\" value=\"wpforms-submit\">Enviar<\/button><img decoding=\"async\" data-src=\"https:\/\/veosvending.com\/wp-content\/plugins\/wpforms-lite\/assets\/images\/submit-spin.svg\" class=\"wpforms-submit-spinner lazyload\" style=\"--smush-placeholder-width: 26px; --smush-placeholder-aspect-ratio: 26\/26;display: none;\" width=\"26\" height=\"26\" alt=\"Loading\" src=\"data:image\/svg+xml;base64,PHN2ZyB3aWR0aD0iMSIgaGVpZ2h0PSIxIiB4bWxucz0iaHR0cDovL3d3dy53My5vcmcvMjAwMC9zdmciPjwvc3ZnPg==\"><\/div><\/form><\/div>  <!-- .wpforms-container -->\t\t\t\t<\/div>\n\t\t\t\t<\/div>\n\t\t\t\t\t<\/div>\n\t\t\t\t<\/div>\n\t\t\t\t<\/div>\n\t\t\t\t<\/div>\n\t\t","protected":false},"excerpt":{"rendered":"<p>Estamos para servirte, d\u00e9janos tus datos y nos comunicaremos lo antes posible. O si lo prefieres agenda una cita. Reserva ac\u00e1 Por favor, activa JavaScript en tu navegador para completar este formulario.Por favor, activa JavaScript en tu navegador para completar este formulario. Nombre * NombreApellidos Tel\u00e9fono *Correo electr\u00f3nico *Mensaje * Autorizas el tratamiento de datos [&hellip;]<\/p>\n","protected":false},"author":1,"featured_media":1980,"parent":0,"menu_order":0,"comment_status":"closed","ping_status":"closed","template":"","meta":{"footnotes":""},"class_list":["post-20","page","type-page","status-publish","has-post-thumbnail","hentry"],"yoast_head":"<!-- This site is optimized with the Yoast SEO plugin v27.5 - https:\/\/yoast.com\/product\/yoast-seo-wordpress\/ -->\n<title>Contacto para Soluciones de Vending Inteligente | veOS<\/title>\n<meta name=\"description\" content=\"Para m\u00e1s informaci\u00f3n, Cont\u00e1ctanos para Soluciones de Vending Inteligente. Estamos aqu\u00ed para ayudarte a modernizar tu negocio.\" \/>\n<meta name=\"robots\" content=\"index, follow, max-snippet:-1, max-image-preview:large, max-video-preview:-1\" \/>\n<link rel=\"canonical\" href=\"http:\/\/veosvending.com\/en\/contacto-vending-inteligente\/\" \/>\n<meta property=\"og:locale\" content=\"en_US\" \/>\n<meta property=\"og:type\" content=\"article\" \/>\n<meta property=\"og:title\" content=\"Contacto para Soluciones de Vending Inteligente | veOS\" \/>\n<meta property=\"og:description\" content=\"Para m\u00e1s informaci\u00f3n, Cont\u00e1ctanos para Soluciones de Vending Inteligente. Estamos aqu\u00ed para ayudarte a modernizar tu negocio.\" \/>\n<meta property=\"og:url\" content=\"http:\/\/veosvending.com\/en\/contacto-vending-inteligente\/\" \/>\n<meta property=\"og:site_name\" content=\"veOS\" \/>\n<meta property=\"article:modified_time\" content=\"2024-12-20T16:51:00+00:00\" \/>\n<meta property=\"og:image\" content=\"http:\/\/veosvending.com\/wp-content\/uploads\/2024\/10\/photography-of-a-hand-of-customer-paying-with-a-cr-1.png\" \/>\n\t<meta property=\"og:image:width\" content=\"1024\" \/>\n\t<meta property=\"og:image:height\" content=\"1024\" \/>\n\t<meta property=\"og:image:type\" content=\"image\/png\" \/>\n<meta name=\"twitter:card\" content=\"summary_large_image\" \/>\n<meta name=\"twitter:label1\" content=\"Est. reading time\" \/>\n\t<meta name=\"twitter:data1\" content=\"1 minute\" \/>\n<script type=\"application\/ld+json\" class=\"yoast-schema-graph\">{\"@context\":\"https:\\\/\\\/schema.org\",\"@graph\":[{\"@type\":\"WebPage\",\"@id\":\"http:\\\/\\\/veosvending.com\\\/contacto-vending-inteligente\\\/\",\"url\":\"http:\\\/\\\/veosvending.com\\\/contacto-vending-inteligente\\\/\",\"name\":\"Contacto para Soluciones de Vending Inteligente | veOS\",\"isPartOf\":{\"@id\":\"http:\\\/\\\/veosvending.com\\\/#website\"},\"primaryImageOfPage\":{\"@id\":\"http:\\\/\\\/veosvending.com\\\/contacto-vending-inteligente\\\/#primaryimage\"},\"image\":{\"@id\":\"http:\\\/\\\/veosvending.com\\\/contacto-vending-inteligente\\\/#primaryimage\"},\"thumbnailUrl\":\"https:\\\/\\\/veosvending.com\\\/wp-content\\\/uploads\\\/2024\\\/10\\\/photography-of-a-hand-of-customer-paying-with-a-cr-1.png\",\"datePublished\":\"2024-05-16T23:08:27+00:00\",\"dateModified\":\"2024-12-20T16:51:00+00:00\",\"description\":\"Para m\u00e1s informaci\u00f3n, Cont\u00e1ctanos para Soluciones de Vending Inteligente. Estamos aqu\u00ed para ayudarte a modernizar tu negocio.\",\"breadcrumb\":{\"@id\":\"http:\\\/\\\/veosvending.com\\\/contacto-vending-inteligente\\\/#breadcrumb\"},\"inLanguage\":\"en-US\",\"potentialAction\":[{\"@type\":\"ReadAction\",\"target\":[\"http:\\\/\\\/veosvending.com\\\/contacto-vending-inteligente\\\/\"]}]},{\"@type\":\"ImageObject\",\"inLanguage\":\"en-US\",\"@id\":\"http:\\\/\\\/veosvending.com\\\/contacto-vending-inteligente\\\/#primaryimage\",\"url\":\"https:\\\/\\\/veosvending.com\\\/wp-content\\\/uploads\\\/2024\\\/10\\\/photography-of-a-hand-of-customer-paying-with-a-cr-1.png\",\"contentUrl\":\"https:\\\/\\\/veosvending.com\\\/wp-content\\\/uploads\\\/2024\\\/10\\\/photography-of-a-hand-of-customer-paying-with-a-cr-1.png\",\"width\":1024,\"height\":1024,\"caption\":\"Imagen de un usuario con una tarjeta de proximidad veOS pagando cashless en una vending inteligente\"},{\"@type\":\"BreadcrumbList\",\"@id\":\"http:\\\/\\\/veosvending.com\\\/contacto-vending-inteligente\\\/#breadcrumb\",\"itemListElement\":[{\"@type\":\"ListItem\",\"position\":1,\"name\":\"Inicio\",\"item\":\"http:\\\/\\\/veosvending.com\\\/\"},{\"@type\":\"ListItem\",\"position\":2,\"name\":\"Contacto\"}]},{\"@type\":\"WebSite\",\"@id\":\"http:\\\/\\\/veosvending.com\\\/#website\",\"url\":\"http:\\\/\\\/veosvending.com\\\/\",\"name\":\"veOS\",\"description\":\"\",\"publisher\":{\"@id\":\"http:\\\/\\\/veosvending.com\\\/#organization\"},\"alternateName\":\"veOS Smart Vending\",\"potentialAction\":[{\"@type\":\"SearchAction\",\"target\":{\"@type\":\"EntryPoint\",\"urlTemplate\":\"http:\\\/\\\/veosvending.com\\\/?s={search_term_string}\"},\"query-input\":{\"@type\":\"PropertyValueSpecification\",\"valueRequired\":true,\"valueName\":\"search_term_string\"}}],\"inLanguage\":\"en-US\"},{\"@type\":\"Organization\",\"@id\":\"http:\\\/\\\/veosvending.com\\\/#organization\",\"name\":\"veOS Smart Vending\",\"url\":\"http:\\\/\\\/veosvending.com\\\/\",\"logo\":{\"@type\":\"ImageObject\",\"inLanguage\":\"en-US\",\"@id\":\"http:\\\/\\\/veosvending.com\\\/#\\\/schema\\\/logo\\\/image\\\/\",\"url\":\"https:\\\/\\\/veosvending.com\\\/wp-content\\\/uploads\\\/2024\\\/05\\\/Veos-final.png\",\"contentUrl\":\"https:\\\/\\\/veosvending.com\\\/wp-content\\\/uploads\\\/2024\\\/05\\\/Veos-final.png\",\"width\":600,\"height\":600,\"caption\":\"veOS Smart Vending\"},\"image\":{\"@id\":\"http:\\\/\\\/veosvending.com\\\/#\\\/schema\\\/logo\\\/image\\\/\"},\"sameAs\":[\"https:\\\/\\\/www.instagram.com\\\/veossmartvending\\\/\",\"https:\\\/\\\/www.linkedin.com\\\/company\\\/veos-technology\\\/\"]}]}<\/script>\n<!-- \/ Yoast SEO plugin. -->","yoast_head_json":{"title":"Contacto para Soluciones de Vending Inteligente | veOS","description":"Para m\u00e1s informaci\u00f3n, Cont\u00e1ctanos para Soluciones de Vending Inteligente. Estamos aqu\u00ed para ayudarte a modernizar tu negocio.","robots":{"index":"index","follow":"follow","max-snippet":"max-snippet:-1","max-image-preview":"max-image-preview:large","max-video-preview":"max-video-preview:-1"},"canonical":"http:\/\/veosvending.com\/en\/contacto-vending-inteligente\/","og_locale":"en_US","og_type":"article","og_title":"Contacto para Soluciones de Vending Inteligente | veOS","og_description":"Para m\u00e1s informaci\u00f3n, Cont\u00e1ctanos para Soluciones de Vending Inteligente. Estamos aqu\u00ed para ayudarte a modernizar tu negocio.","og_url":"http:\/\/veosvending.com\/en\/contacto-vending-inteligente\/","og_site_name":"veOS","article_modified_time":"2024-12-20T16:51:00+00:00","og_image":[{"width":1024,"height":1024,"url":"http:\/\/veosvending.com\/wp-content\/uploads\/2024\/10\/photography-of-a-hand-of-customer-paying-with-a-cr-1.png","type":"image\/png"}],"twitter_card":"summary_large_image","twitter_misc":{"Est. reading time":"1 minute"},"schema":{"@context":"https:\/\/schema.org","@graph":[{"@type":"WebPage","@id":"http:\/\/veosvending.com\/contacto-vending-inteligente\/","url":"http:\/\/veosvending.com\/contacto-vending-inteligente\/","name":"Contacto para Soluciones de Vending Inteligente | veOS","isPartOf":{"@id":"http:\/\/veosvending.com\/#website"},"primaryImageOfPage":{"@id":"http:\/\/veosvending.com\/contacto-vending-inteligente\/#primaryimage"},"image":{"@id":"http:\/\/veosvending.com\/contacto-vending-inteligente\/#primaryimage"},"thumbnailUrl":"https:\/\/veosvending.com\/wp-content\/uploads\/2024\/10\/photography-of-a-hand-of-customer-paying-with-a-cr-1.png","datePublished":"2024-05-16T23:08:27+00:00","dateModified":"2024-12-20T16:51:00+00:00","description":"Para m\u00e1s informaci\u00f3n, Cont\u00e1ctanos para Soluciones de Vending Inteligente. Estamos aqu\u00ed para ayudarte a modernizar tu negocio.","breadcrumb":{"@id":"http:\/\/veosvending.com\/contacto-vending-inteligente\/#breadcrumb"},"inLanguage":"en-US","potentialAction":[{"@type":"ReadAction","target":["http:\/\/veosvending.com\/contacto-vending-inteligente\/"]}]},{"@type":"ImageObject","inLanguage":"en-US","@id":"http:\/\/veosvending.com\/contacto-vending-inteligente\/#primaryimage","url":"https:\/\/veosvending.com\/wp-content\/uploads\/2024\/10\/photography-of-a-hand-of-customer-paying-with-a-cr-1.png","contentUrl":"https:\/\/veosvending.com\/wp-content\/uploads\/2024\/10\/photography-of-a-hand-of-customer-paying-with-a-cr-1.png","width":1024,"height":1024,"caption":"Imagen de un usuario con una tarjeta de proximidad veOS pagando cashless en una vending inteligente"},{"@type":"BreadcrumbList","@id":"http:\/\/veosvending.com\/contacto-vending-inteligente\/#breadcrumb","itemListElement":[{"@type":"ListItem","position":1,"name":"Inicio","item":"http:\/\/veosvending.com\/"},{"@type":"ListItem","position":2,"name":"Contacto"}]},{"@type":"WebSite","@id":"http:\/\/veosvending.com\/#website","url":"http:\/\/veosvending.com\/","name":"veOS","description":"","publisher":{"@id":"http:\/\/veosvending.com\/#organization"},"alternateName":"veOS Smart Vending","potentialAction":[{"@type":"SearchAction","target":{"@type":"EntryPoint","urlTemplate":"http:\/\/veosvending.com\/?s={search_term_string}"},"query-input":{"@type":"PropertyValueSpecification","valueRequired":true,"valueName":"search_term_string"}}],"inLanguage":"en-US"},{"@type":"Organization","@id":"http:\/\/veosvending.com\/#organization","name":"veOS Smart Vending","url":"http:\/\/veosvending.com\/","logo":{"@type":"ImageObject","inLanguage":"en-US","@id":"http:\/\/veosvending.com\/#\/schema\/logo\/image\/","url":"https:\/\/veosvending.com\/wp-content\/uploads\/2024\/05\/Veos-final.png","contentUrl":"https:\/\/veosvending.com\/wp-content\/uploads\/2024\/05\/Veos-final.png","width":600,"height":600,"caption":"veOS Smart Vending"},"image":{"@id":"http:\/\/veosvending.com\/#\/schema\/logo\/image\/"},"sameAs":["https:\/\/www.instagram.com\/veossmartvending\/","https:\/\/www.linkedin.com\/company\/veos-technology\/"]}]}},"_links":{"self":[{"href":"https:\/\/veosvending.com\/en\/wp-json\/wp\/v2\/pages\/20","targetHints":{"allow":["GET"]}}],"collection":[{"href":"https:\/\/veosvending.com\/en\/wp-json\/wp\/v2\/pages"}],"about":[{"href":"https:\/\/veosvending.com\/en\/wp-json\/wp\/v2\/types\/page"}],"author":[{"embeddable":true,"href":"https:\/\/veosvending.com\/en\/wp-json\/wp\/v2\/users\/1"}],"replies":[{"embeddable":true,"href":"https:\/\/veosvending.com\/en\/wp-json\/wp\/v2\/comments?post=20"}],"version-history":[{"count":67,"href":"https:\/\/veosvending.com\/en\/wp-json\/wp\/v2\/pages\/20\/revisions"}],"predecessor-version":[{"id":2839,"href":"https:\/\/veosvending.com\/en\/wp-json\/wp\/v2\/pages\/20\/revisions\/2839"}],"wp:featuredmedia":[{"embeddable":true,"href":"https:\/\/veosvending.com\/en\/wp-json\/wp\/v2\/media\/1980"}],"wp:attachment":[{"href":"https:\/\/veosvending.com\/en\/wp-json\/wp\/v2\/media?parent=20"}],"curies":[{"name":"wp","href":"https:\/\/api.w.org\/{rel}","templated":true}]}}